{"id":652,"date":"2024-12-13T08:47:41","date_gmt":"2024-12-13T08:47:41","guid":{"rendered":"https:\/\/espaiarcaita.com\/?page_id=652"},"modified":"2025-04-16T07:30:30","modified_gmt":"2025-04-16T07:30:30","slug":"assetjament-escolar","status":"publish","type":"page","link":"https:\/\/espaiarcaita.com\/cast\/assetjament-escolar\/","title":{"rendered":"Acoso escolar"},"content":{"rendered":"<div data-elementor-type=\"wp-page\" data-elementor-id=\"652\" class=\"elementor elementor-652\" data-elementor-post-type=\"page\">\n\t\t\t\t<div class=\"elementor-element elementor-element-3590639 e-flex e-con-boxed e-con e-child\" data-id=\"3590639\" data-element_type=\"container\">\n\t\t\t\t\t<div class=\"e-con-inner\">\n\t\t\t\t<div class=\"elementor-element elementor-element-b96cce6 elementor-widget__width-inherit elementor-widget elementor-widget-heading\" data-id=\"b96cce6\" data-element_type=\"widget\" data-widget_type=\"heading.default\">\n\t\t\t\t<div class=\"elementor-widget-container\">\n\t\t\t\t\t<h1 class=\"elementor-heading-title elementor-size-default\">Acoso escolar<\/h1>\t\t\t\t<\/div>\n\t\t\t\t<\/div>\n\t\t<div class=\"elementor-element elementor-element-fd9b5ee e-con-full e-flex e-con e-child\" data-id=\"fd9b5ee\" data-element_type=\"container\">\n\t\t\t\t<div class=\"elementor-element elementor-element-28d7b2d elementor-button-info elementor-align-left elementor-widget elementor-widget-button\" data-id=\"28d7b2d\" data-element_type=\"widget\" data-widget_type=\"button.default\">\n\t\t\t\t<div class=\"elementor-widget-container\">\n\t\t\t\t\t\t\t\t\t<div class=\"elementor-button-wrapper\">\n\t\t\t\t\t<a class=\"elementor-button elementor-button-link elementor-size-sm\" href=\"#\">\n\t\t\t\t\t\t<span class=\"elementor-button-content-wrapper\">\n\t\t\t\t\t\t\t\t\t<span class=\"elementor-button-text\">Desaf\u00edos en el \u00e1mbito escolar<\/span>\n\t\t\t\t\t<\/span>\n\t\t\t\t\t<\/a>\n\t\t\t\t<\/div>\n\t\t\t\t\t\t\t\t<\/div>\n\t\t\t\t<\/div>\n\t\t\t\t<div class=\"elementor-element elementor-element-7f29be1 elementor-button-info elementor-align-left elementor-widget elementor-widget-button\" data-id=\"7f29be1\" data-element_type=\"widget\" data-widget_type=\"button.default\">\n\t\t\t\t<div class=\"elementor-widget-container\">\n\t\t\t\t\t\t\t\t\t<div class=\"elementor-button-wrapper\">\n\t\t\t\t\t<a class=\"elementor-button elementor-button-link elementor-size-sm\" href=\"#\">\n\t\t\t\t\t\t<span class=\"elementor-button-content-wrapper\">\n\t\t\t\t\t\t\t\t\t<span class=\"elementor-button-text\">ciberacoso<\/span>\n\t\t\t\t\t<\/span>\n\t\t\t\t\t<\/a>\n\t\t\t\t<\/div>\n\t\t\t\t\t\t\t\t<\/div>\n\t\t\t\t<\/div>\n\t\t\t\t<\/div>\n\t\t\t\t<div class=\"elementor-element elementor-element-c8ed59f elementor-widget__width-inherit elementor-widget elementor-widget-text-editor\" data-id=\"c8ed59f\" data-element_type=\"widget\" data-widget_type=\"text-editor.default\">\n\t\t\t\t<div class=\"elementor-widget-container\">\n\t\t\t\t\t\t\t\t\t<p><span style=\"font-weight: 400;\">El acoso escolar y el ciberacoso son formas de violencia entre iguales que implican malos tratos f\u00edsicos, verbales o psicol\u00f3gicos, a menudo repetidos e intencionados, aprovechando una desigualdad de poder. Se manifiesta a trav\u00e9s de insultos, amenazas, agresiones o aislamiento, dentro o fuera de la escuela, incluyendo canales digitales. Sin embargo, los ni\u00f1os o adolescentes a menudo no denuncian el acoso por miedo a represalias, por no querer ser vistos como d\u00e9biles, o por verg\u00fcenza.<\/span><\/p><p><span style=\"font-weight: 400;\">Es esencial que los adultos est\u00e9n atentos a las se\u00f1ales para tomar las medidas adecuadas.<\/span><\/p>\t\t\t\t\t\t\t\t<\/div>\n\t\t\t\t<\/div>\n\t\t\t\t<div class=\"elementor-element elementor-element-afe142a elementor-widget__width-inherit elementor-widget elementor-widget-heading\" data-id=\"afe142a\" data-element_type=\"widget\" data-widget_type=\"heading.default\">\n\t\t\t\t<div class=\"elementor-widget-container\">\n\t\t\t\t\t<h2 class=\"elementor-heading-title elementor-size-default\">Se\u00f1ales de alerta a tener en cuenta:<\/h2>\t\t\t\t<\/div>\n\t\t\t\t<\/div>\n\t\t\t\t<div class=\"elementor-element elementor-element-1a5330f elementor-widget__width-inherit elementor-widget elementor-widget-text-editor\" data-id=\"1a5330f\" data-element_type=\"widget\" data-widget_type=\"text-editor.default\">\n\t\t\t\t<div class=\"elementor-widget-container\">\n\t\t\t\t\t\t\t\t\t<p>En la escuela:<\/p><ul><li style=\"font-weight: 400;\" aria-level=\"1\"><span style=\"font-weight: 400;\">Bajo rendimiento<\/span><\/li><li style=\"font-weight: 400;\" aria-level=\"1\"><span style=\"font-weight: 400;\">Absentismo<\/span><\/li><li style=\"font-weight: 400;\" aria-level=\"1\"><span style=\"font-weight: 400;\">Cambios de car\u00e1cter<\/span><\/li><li style=\"font-weight: 400;\" aria-level=\"1\"><span style=\"font-weight: 400;\">Angustia<\/span><\/li><li style=\"font-weight: 400;\" aria-level=\"1\"><span style=\"font-weight: 400;\">Inseguridad<\/span><\/li><li style=\"font-weight: 400;\" aria-level=\"1\"><span style=\"font-weight: 400;\">Aislamiento<\/span><\/li><\/ul><p>\u00a0<\/p><p>En casa:<\/p><ul><li style=\"font-weight: 400;\" aria-level=\"1\"><span style=\"font-weight: 400;\">Problemas para comer o dormir<\/span><\/li><li style=\"font-weight: 400;\" aria-level=\"1\"><span style=\"font-weight: 400;\">Mal humor<\/span><\/li><li style=\"font-weight: 400;\" aria-level=\"1\"><span style=\"font-weight: 400;\">No querer socializar\u00a0<\/span><\/li><li style=\"font-weight: 400;\" aria-level=\"1\"><span style=\"font-weight: 400;\">Baja autoestima\u00a0<\/span><\/li><li style=\"font-weight: 400;\" aria-level=\"1\"><span style=\"font-weight: 400;\">Cuadros depresivos\u00a0<\/span><\/li><li style=\"font-weight: 400;\" aria-level=\"1\"><span style=\"font-weight: 400;\">Ansiedad<\/span><\/li><\/ul>\t\t\t\t\t\t\t\t<\/div>\n\t\t\t\t<\/div>\n\t\t\t\t<div class=\"elementor-element elementor-element-8b17847 elementor-widget__width-auto elementor-widget elementor-widget-button\" data-id=\"8b17847\" data-element_type=\"widget\" data-widget_type=\"button.default\">\n\t\t\t\t<div class=\"elementor-widget-container\">\n\t\t\t\t\t\t\t\t\t<div class=\"elementor-button-wrapper\">\n\t\t\t\t\t<a class=\"elementor-button elementor-button-link elementor-size-sm\" href=\"https:\/\/espaiarcaita.com\/cast\/com-ajudar-el-teu-fill-a-superar-lassetjament-escolar-el-paper-de-la-psicologia-infantil\/\">\n\t\t\t\t\t\t<span class=\"elementor-button-content-wrapper\">\n\t\t\t\t\t\t\t\t\t<span class=\"elementor-button-text\">saber m\u00e1s<\/span>\n\t\t\t\t\t<\/span>\n\t\t\t\t\t<\/a>\n\t\t\t\t<\/div>\n\t\t\t\t\t\t\t\t<\/div>\n\t\t\t\t<\/div>\n\t\t\t\t\t<\/div>\n\t\t\t\t<\/div>\n\t\t\t\t<\/div>","protected":false},"excerpt":{"rendered":"<p>Assetjament escolar Desafiaments en l\u2019\u00e0mbit escolar ciberassetjament L&#8217;assetjament escolar i el ciberassetjament s\u00f3n formes de viol\u00e8ncia entre iguals que impliquen maltractaments f\u00edsics, verbals o psicol\u00f2gics, sovint repetits i intencionats, aprofitant una desigualtat de poder. Es manifesta a trav\u00e9s d&#8217;insults, amenaces, agressions o a\u00efllament, dins o fora de l&#8217;escola, incloent-hi canals digitals. Malgrat aix\u00f2, els infants [&hellip;]<\/p>","protected":false},"author":1,"featured_media":0,"parent":0,"menu_order":0,"comment_status":"closed","ping_status":"closed","template":"","meta":{"_acf_changed":false,"_glsr_average":0,"_glsr_ranking":0,"_glsr_reviews":0,"footnotes":""},"class_list":["post-652","page","type-page","status-publish","hentry"],"acf":[],"yoast_head":"<!-- This site is optimized with the Yoast SEO plugin v24.9 - https:\/\/yoast.com\/wordpress\/plugins\/seo\/ -->\n<title>Assetjament escolar | Espai Arcaita<\/title>\n<meta name=\"description\" content=\"Assetjament escolar Desafiaments en l\u2019\u00e0mbit escolar ciberassetjament L&#039;assetjament escolar i el ciberassetjament s\u00f3n formes de viol\u00e8ncia entre iguals que\" \/>\n<meta name=\"robots\" content=\"index, follow, max-snippet:-1, max-image-preview:large, max-video-preview:-1\" \/>\n<link rel=\"canonical\" href=\"https:\/\/espaiarcaita.com\/cast\/com-ajudar-el-teu-fill-a-superar-lassetjament-escolar-el-paper-de-la-psicologia-infantil\/\" \/>\n<meta property=\"og:locale\" content=\"es_ES\" \/>\n<meta property=\"og:type\" content=\"article\" \/>\n<meta property=\"og:title\" content=\"Assetjament escolar | Espai Arcaita\" \/>\n<meta property=\"og:description\" content=\"Assetjament escolar Desafiaments en l\u2019\u00e0mbit escolar ciberassetjament L&#039;assetjament escolar i el ciberassetjament s\u00f3n formes de viol\u00e8ncia entre iguals que\" \/>\n<meta property=\"og:url\" content=\"https:\/\/espaiarcaita.com\/cast\/com-ajudar-el-teu-fill-a-superar-lassetjament-escolar-el-paper-de-la-psicologia-infantil\/\" \/>\n<meta property=\"og:site_name\" content=\"Espai Arcaita\" \/>\n<meta property=\"article:modified_time\" content=\"2025-04-16T07:30:30+00:00\" \/>\n<meta property=\"og:image\" content=\"https:\/\/espaiarcaita.com\/wp-content\/uploads\/2025\/01\/cropped-EspaiArcaita_favicon.png\" \/>\n\t<meta property=\"og:image:width\" content=\"512\" \/>\n\t<meta property=\"og:image:height\" content=\"512\" \/>\n\t<meta property=\"og:image:type\" content=\"image\/png\" \/>\n<meta name=\"twitter:card\" content=\"summary_large_image\" \/>\n<meta name=\"twitter:label1\" content=\"Tiempo de lectura\" \/>\n\t<meta name=\"twitter:data1\" content=\"1 minuto\" \/>\n<script type=\"application\/ld+json\" class=\"yoast-schema-graph\">{\"@context\":\"https:\/\/schema.org\",\"@graph\":[{\"@type\":\"WebPage\",\"@id\":\"https:\/\/espaiarcaita.com\/assetjament-escolar\/\",\"url\":\"https:\/\/espaiarcaita.com\/com-ajudar-el-teu-fill-a-superar-lassetjament-escolar-el-paper-de-la-psicologia-infantil\/\",\"name\":\"Assetjament escolar | Espai Arcaita\",\"isPartOf\":{\"@id\":\"https:\/\/espaiarcaita.com\/#website\"},\"datePublished\":\"2024-12-13T08:47:41+00:00\",\"dateModified\":\"2025-04-16T07:30:30+00:00\",\"description\":\"Assetjament escolar Desafiaments en l\u2019\u00e0mbit escolar ciberassetjament L'assetjament escolar i el ciberassetjament s\u00f3n formes de viol\u00e8ncia entre iguals que\",\"breadcrumb\":{\"@id\":\"https:\/\/espaiarcaita.com\/com-ajudar-el-teu-fill-a-superar-lassetjament-escolar-el-paper-de-la-psicologia-infantil\/#breadcrumb\"},\"inLanguage\":\"es\",\"potentialAction\":[{\"@type\":\"ReadAction\",\"target\":[\"https:\/\/espaiarcaita.com\/com-ajudar-el-teu-fill-a-superar-lassetjament-escolar-el-paper-de-la-psicologia-infantil\/\"]}]},{\"@type\":\"BreadcrumbList\",\"@id\":\"https:\/\/espaiarcaita.com\/com-ajudar-el-teu-fill-a-superar-lassetjament-escolar-el-paper-de-la-psicologia-infantil\/#breadcrumb\",\"itemListElement\":[{\"@type\":\"ListItem\",\"position\":1,\"name\":\"Punt Marketing\",\"item\":\"https:\/\/espaiarcaita.com\/\"},{\"@type\":\"ListItem\",\"position\":2,\"name\":\"Assetjament escolar\"}]},{\"@type\":\"WebSite\",\"@id\":\"https:\/\/espaiarcaita.com\/#website\",\"url\":\"https:\/\/espaiarcaita.com\/\",\"name\":\"Espai Arcaita\",\"description\":\"Espai de psicologia infantil i juvenil  que ofereix tractament de salut mental per infants i adolescents a Barcelona.\",\"publisher\":{\"@id\":\"https:\/\/espaiarcaita.com\/#organization\"},\"alternateName\":\"espaiarcaita.com\",\"potentialAction\":[{\"@type\":\"SearchAction\",\"target\":{\"@type\":\"EntryPoint\",\"urlTemplate\":\"https:\/\/espaiarcaita.com\/?s={search_term_string}\"},\"query-input\":{\"@type\":\"PropertyValueSpecification\",\"valueRequired\":true,\"valueName\":\"search_term_string\"}}],\"inLanguage\":\"es\"},{\"@type\":\"Organization\",\"@id\":\"https:\/\/espaiarcaita.com\/#organization\",\"name\":\"Espai Arcaita\",\"alternateName\":\"espaiarcaita.com\",\"url\":\"https:\/\/espaiarcaita.com\/\",\"logo\":{\"@type\":\"ImageObject\",\"inLanguage\":\"es\",\"@id\":\"https:\/\/espaiarcaita.com\/#\/schema\/logo\/image\/\",\"url\":\"https:\/\/espaiarcaita.com\/wp-content\/uploads\/2025\/01\/EspaiArcaita_favicon.png\",\"contentUrl\":\"https:\/\/espaiarcaita.com\/wp-content\/uploads\/2025\/01\/EspaiArcaita_favicon.png\",\"width\":512,\"height\":512,\"caption\":\"Espai Arcaita\"},\"image\":{\"@id\":\"https:\/\/espaiarcaita.com\/#\/schema\/logo\/image\/\"},\"sameAs\":[\"https:\/\/www.instagram.com\/espai.arcaita\/\"]}]}<\/script>\n<!-- \/ Yoast SEO plugin. -->","yoast_head_json":{"title":"Assetjament escolar | Espai Arcaita","description":"Assetjament escolar Desafiaments en l\u2019\u00e0mbit escolar ciberassetjament L'assetjament escolar i el ciberassetjament s\u00f3n formes de viol\u00e8ncia entre iguals que","robots":{"index":"index","follow":"follow","max-snippet":"max-snippet:-1","max-image-preview":"max-image-preview:large","max-video-preview":"max-video-preview:-1"},"canonical":"https:\/\/espaiarcaita.com\/cast\/com-ajudar-el-teu-fill-a-superar-lassetjament-escolar-el-paper-de-la-psicologia-infantil\/","og_locale":"es_ES","og_type":"article","og_title":"Assetjament escolar | Espai Arcaita","og_description":"Assetjament escolar Desafiaments en l\u2019\u00e0mbit escolar ciberassetjament L'assetjament escolar i el ciberassetjament s\u00f3n formes de viol\u00e8ncia entre iguals que","og_url":"https:\/\/espaiarcaita.com\/cast\/com-ajudar-el-teu-fill-a-superar-lassetjament-escolar-el-paper-de-la-psicologia-infantil\/","og_site_name":"Espai Arcaita","article_modified_time":"2025-04-16T07:30:30+00:00","og_image":[{"width":512,"height":512,"url":"https:\/\/espaiarcaita.com\/wp-content\/uploads\/2025\/01\/cropped-EspaiArcaita_favicon.png","type":"image\/png"}],"twitter_card":"summary_large_image","twitter_misc":{"Tiempo de lectura":"1 minuto"},"schema":{"@context":"https:\/\/schema.org","@graph":[{"@type":"WebPage","@id":"https:\/\/espaiarcaita.com\/assetjament-escolar\/","url":"https:\/\/espaiarcaita.com\/com-ajudar-el-teu-fill-a-superar-lassetjament-escolar-el-paper-de-la-psicologia-infantil\/","name":"Assetjament escolar | Espai Arcaita","isPartOf":{"@id":"https:\/\/espaiarcaita.com\/#website"},"datePublished":"2024-12-13T08:47:41+00:00","dateModified":"2025-04-16T07:30:30+00:00","description":"Assetjament escolar Desafiaments en l\u2019\u00e0mbit escolar ciberassetjament L'assetjament escolar i el ciberassetjament s\u00f3n formes de viol\u00e8ncia entre iguals que","breadcrumb":{"@id":"https:\/\/espaiarcaita.com\/com-ajudar-el-teu-fill-a-superar-lassetjament-escolar-el-paper-de-la-psicologia-infantil\/#breadcrumb"},"inLanguage":"es","potentialAction":[{"@type":"ReadAction","target":["https:\/\/espaiarcaita.com\/com-ajudar-el-teu-fill-a-superar-lassetjament-escolar-el-paper-de-la-psicologia-infantil\/"]}]},{"@type":"BreadcrumbList","@id":"https:\/\/espaiarcaita.com\/com-ajudar-el-teu-fill-a-superar-lassetjament-escolar-el-paper-de-la-psicologia-infantil\/#breadcrumb","itemListElement":[{"@type":"ListItem","position":1,"name":"Punt Marketing","item":"https:\/\/espaiarcaita.com\/"},{"@type":"ListItem","position":2,"name":"Assetjament escolar"}]},{"@type":"WebSite","@id":"https:\/\/espaiarcaita.com\/#website","url":"https:\/\/espaiarcaita.com\/","name":"Espai Arcaita","description":"Espai de psicologia infantil i juvenil  que ofereix tractament de salut mental per infants i adolescents a Barcelona.","publisher":{"@id":"https:\/\/espaiarcaita.com\/#organization"},"alternateName":"espaiarcaita.com","potentialAction":[{"@type":"SearchAction","target":{"@type":"EntryPoint","urlTemplate":"https:\/\/espaiarcaita.com\/?s={search_term_string}"},"query-input":{"@type":"PropertyValueSpecification","valueRequired":true,"valueName":"search_term_string"}}],"inLanguage":"es"},{"@type":"Organization","@id":"https:\/\/espaiarcaita.com\/#organization","name":"Espai Arcaita","alternateName":"espaiarcaita.com","url":"https:\/\/espaiarcaita.com\/","logo":{"@type":"ImageObject","inLanguage":"es","@id":"https:\/\/espaiarcaita.com\/#\/schema\/logo\/image\/","url":"https:\/\/espaiarcaita.com\/wp-content\/uploads\/2025\/01\/EspaiArcaita_favicon.png","contentUrl":"https:\/\/espaiarcaita.com\/wp-content\/uploads\/2025\/01\/EspaiArcaita_favicon.png","width":512,"height":512,"caption":"Espai Arcaita"},"image":{"@id":"https:\/\/espaiarcaita.com\/#\/schema\/logo\/image\/"},"sameAs":["https:\/\/www.instagram.com\/espai.arcaita\/"]}]}},"_links":{"self":[{"href":"https:\/\/espaiarcaita.com\/cast\/wp-json\/wp\/v2\/pages\/652","targetHints":{"allow":["GET"]}}],"collection":[{"href":"https:\/\/espaiarcaita.com\/cast\/wp-json\/wp\/v2\/pages"}],"about":[{"href":"https:\/\/espaiarcaita.com\/cast\/wp-json\/wp\/v2\/types\/page"}],"author":[{"embeddable":true,"href":"https:\/\/espaiarcaita.com\/cast\/wp-json\/wp\/v2\/users\/1"}],"replies":[{"embeddable":true,"href":"https:\/\/espaiarcaita.com\/cast\/wp-json\/wp\/v2\/comments?post=652"}],"version-history":[{"count":25,"href":"https:\/\/espaiarcaita.com\/cast\/wp-json\/wp\/v2\/pages\/652\/revisions"}],"predecessor-version":[{"id":3303,"href":"https:\/\/espaiarcaita.com\/cast\/wp-json\/wp\/v2\/pages\/652\/revisions\/3303"}],"wp:attachment":[{"href":"https:\/\/espaiarcaita.com\/cast\/wp-json\/wp\/v2\/media?parent=652"}],"curies":[{"name":"wp","href":"https:\/\/api.w.org\/{rel}","templated":true}]}}