{"id":634,"date":"2024-12-13T08:25:37","date_gmt":"2024-12-13T08:25:37","guid":{"rendered":"https:\/\/espaiarcaita.com\/?page_id=634"},"modified":"2025-04-16T07:24:10","modified_gmt":"2025-04-16T07:24:10","slug":"trastorn-per-deficit-datencio-amb-hiperactivitat","status":"publish","type":"page","link":"https:\/\/espaiarcaita.com\/cast\/trastorn-per-deficit-datencio-amb-hiperactivitat\/","title":{"rendered":"Trastorno por d\u00e9ficit de atenci\u00f3n con hiperactividad"},"content":{"rendered":"<div data-elementor-type=\"wp-page\" data-elementor-id=\"634\" class=\"elementor elementor-634\" data-elementor-post-type=\"page\">\n\t\t\t\t<div class=\"elementor-element elementor-element-ff57020 e-flex e-con-boxed e-con e-child\" data-id=\"ff57020\" data-element_type=\"container\">\n\t\t\t\t\t<div class=\"e-con-inner\">\n\t\t\t\t<div class=\"elementor-element elementor-element-b6377cb elementor-widget__width-inherit elementor-widget elementor-widget-heading\" data-id=\"b6377cb\" data-element_type=\"widget\" data-widget_type=\"heading.default\">\n\t\t\t\t<div class=\"elementor-widget-container\">\n\t\t\t\t\t<h1 class=\"elementor-heading-title elementor-size-default\">Trastorno por d\u00e9ficit de atenci\u00f3n con hiperactividad<\/h1>\t\t\t\t<\/div>\n\t\t\t\t<\/div>\n\t\t<div class=\"elementor-element elementor-element-535b0e3 e-con-full e-flex e-con e-child\" data-id=\"535b0e3\" data-element_type=\"container\">\n\t\t\t\t<div class=\"elementor-element elementor-element-95dc2ce elementor-button-info elementor-align-left elementor-widget elementor-widget-button\" data-id=\"95dc2ce\" data-element_type=\"widget\" data-widget_type=\"button.default\">\n\t\t\t\t<div class=\"elementor-widget-container\">\n\t\t\t\t\t\t\t\t\t<div class=\"elementor-button-wrapper\">\n\t\t\t\t\t<a class=\"elementor-button elementor-button-link elementor-size-sm\" href=\"#\">\n\t\t\t\t\t\t<span class=\"elementor-button-content-wrapper\">\n\t\t\t\t\t\t\t\t\t<span class=\"elementor-button-text\">Trastornos del neurodesarrollo<\/span>\n\t\t\t\t\t<\/span>\n\t\t\t\t\t<\/a>\n\t\t\t\t<\/div>\n\t\t\t\t\t\t\t\t<\/div>\n\t\t\t\t<\/div>\n\t\t\t\t<div class=\"elementor-element elementor-element-c409d00 elementor-button-info elementor-align-left elementor-widget elementor-widget-button\" data-id=\"c409d00\" data-element_type=\"widget\" data-widget_type=\"button.default\">\n\t\t\t\t<div class=\"elementor-widget-container\">\n\t\t\t\t\t\t\t\t\t<div class=\"elementor-button-wrapper\">\n\t\t\t\t\t<a class=\"elementor-button elementor-button-link elementor-size-sm\" href=\"#\">\n\t\t\t\t\t\t<span class=\"elementor-button-content-wrapper\">\n\t\t\t\t\t\t\t\t\t<span class=\"elementor-button-text\">TDAH<\/span>\n\t\t\t\t\t<\/span>\n\t\t\t\t\t<\/a>\n\t\t\t\t<\/div>\n\t\t\t\t\t\t\t\t<\/div>\n\t\t\t\t<\/div>\n\t\t\t\t<\/div>\n\t\t\t\t<div class=\"elementor-element elementor-element-74a7c62 elementor-widget__width-inherit elementor-widget elementor-widget-text-editor\" data-id=\"74a7c62\" data-element_type=\"widget\" data-widget_type=\"text-editor.default\">\n\t\t\t\t<div class=\"elementor-widget-container\">\n\t\t\t\t\t\t\t\t\t<p><span style=\"font-weight: 400;\">El trastorno por d\u00e9ficit de atenci\u00f3n e hiperactividad es una condici\u00f3n mental caracterizada por una persistente combinaci\u00f3n de falta de atenci\u00f3n, hiperactividad e impulsividad. Empieza en la infancia y puede perdurar hasta la adolescencia y la adultez. Este trastorno puede impactar en las relaciones sociales, el rendimiento escolar, as\u00ed como en las actividades diarias.\u00a0<\/span><\/p><p><span style=\"font-weight: 400;\">Con el tratamiento adecuado, los ni\u00f1os con TDAH pueden mejorar su calidad de vida y desarrollar estrategias efectivas para manejar s\u00edntomas.<\/span><\/p>\t\t\t\t\t\t\t\t<\/div>\n\t\t\t\t<\/div>\n\t\t\t\t<div class=\"elementor-element elementor-element-713dfa0 elementor-widget__width-inherit elementor-widget elementor-widget-heading\" data-id=\"713dfa0\" data-element_type=\"widget\" data-widget_type=\"heading.default\">\n\t\t\t\t<div class=\"elementor-widget-container\">\n\t\t\t\t\t<h2 class=\"elementor-heading-title elementor-size-default\">Se\u00f1ales de alarma m\u00e1s comunes:<\/h2>\t\t\t\t<\/div>\n\t\t\t\t<\/div>\n\t\t\t\t<div class=\"elementor-element elementor-element-2f4e7e5 elementor-widget__width-inherit elementor-widget elementor-widget-text-editor\" data-id=\"2f4e7e5\" data-element_type=\"widget\" data-widget_type=\"text-editor.default\">\n\t\t\t\t<div class=\"elementor-widget-container\">\n\t\t\t\t\t\t\t\t\t<ul><li style=\"font-weight: 400;\" aria-level=\"1\"><span style=\"font-weight: 400;\">Falta de atenci\u00f3n y dificultad para concentrarse<\/span><ul><li style=\"font-weight: 400;\" aria-level=\"2\"><span style=\"font-weight: 400;\">Presentan dificultades para realizar las tareas y no suelen acabar los deberes<\/span><\/li><li style=\"font-weight: 400;\" aria-level=\"2\"><span style=\"font-weight: 400;\">Suelen tener notas frecuentes de aviso en la agenda escolar.\u00a0<\/span><\/li><li style=\"font-weight: 400;\" aria-level=\"2\"><span style=\"font-weight: 400;\">Pierden y olvidan objetos necesarios.<\/span><\/li><li style=\"font-weight: 400;\" aria-level=\"2\"><span style=\"font-weight: 400;\">Muestran dificultad para organizar tareas y tienden a procrastinarlas.<\/span><\/li><li style=\"font-weight: 400;\" aria-level=\"2\"><span style=\"font-weight: 400;\">Parece no escuchar cuando se le habla directamente\u00a0<\/span><\/li><\/ul><\/li><\/ul><p>\u00a0<\/p><ul><li style=\"font-weight: 400;\" aria-level=\"1\"><span style=\"font-weight: 400;\">Hiperactividad\u00a0<\/span><ul><li style=\"font-weight: 400;\" aria-level=\"2\"><span style=\"font-weight: 400;\">Est\u00e1n constantemente en movimiento, les cuesta parar<\/span><\/li><li style=\"font-weight: 400;\" aria-level=\"2\"><span style=\"font-weight: 400;\">Tienen una curiosidad insaciable\u00a0<\/span><\/li><li style=\"font-weight: 400;\" aria-level=\"2\"><span style=\"font-weight: 400;\">Pueden no percibir los peligros a su alrededor.<\/span><\/li><\/ul><\/li><\/ul><p>\u00a0<\/p><ul><li style=\"font-weight: 400;\" aria-level=\"1\"><span style=\"font-weight: 400;\">Impulsividad\u00a0<\/span><ul><li style=\"font-weight: 400;\" aria-level=\"2\"><span style=\"font-weight: 400;\">Interrumpen constantemente en las actividades de los dem\u00e1s\u00a0<\/span><\/li><li style=\"font-weight: 400;\" aria-level=\"2\"><span style=\"font-weight: 400;\">No respetan los turnos de palabra y\/o de juego\u00a0<\/span><\/li><li style=\"font-weight: 400;\" aria-level=\"2\"><span style=\"font-weight: 400;\">Realizan peticiones frecuentes y ruidosas<\/span><\/li><li style=\"font-weight: 400;\" aria-level=\"2\"><span style=\"font-weight: 400;\">En clase hablan impulsivamente\u00a0<\/span><\/li><li style=\"font-weight: 400;\" aria-level=\"2\"><span style=\"font-weight: 400;\">Les cuesta aceptar las normas y, en ocasiones, pueden mostrarse agresivos.<\/span><\/li><\/ul><\/li><\/ul>\t\t\t\t\t\t\t\t<\/div>\n\t\t\t\t<\/div>\n\t\t\t\t<div class=\"elementor-element elementor-element-cec2b52 elementor-widget__width-auto elementor-widget elementor-widget-button\" data-id=\"cec2b52\" data-element_type=\"widget\" data-widget_type=\"button.default\">\n\t\t\t\t<div class=\"elementor-widget-container\">\n\t\t\t\t\t\t\t\t\t<div class=\"elementor-button-wrapper\">\n\t\t\t\t\t<a class=\"elementor-button elementor-button-link elementor-size-sm\" href=\"https:\/\/espaiarcaita.com\/cast\/tdah-que-es-i-com-pot-ajudar-la-psicologia-infantil\/\">\n\t\t\t\t\t\t<span class=\"elementor-button-content-wrapper\">\n\t\t\t\t\t\t\t\t\t<span class=\"elementor-button-text\">saber m\u00e1s<\/span>\n\t\t\t\t\t<\/span>\n\t\t\t\t\t<\/a>\n\t\t\t\t<\/div>\n\t\t\t\t\t\t\t\t<\/div>\n\t\t\t\t<\/div>\n\t\t\t\t\t<\/div>\n\t\t\t\t<\/div>\n\t\t\t\t<\/div>","protected":false},"excerpt":{"rendered":"<p>Trastorn per d\u00e8ficit d\u2019atenci\u00f3 amb hiperactivitat Trastorns del neurodesenvolupament TDAH El trastorn per d\u00e8ficit d&#8217;atenci\u00f3 i hiperactivitat \u00e9s una condici\u00f3 mental caracteritzada per una combinaci\u00f3 persistent de manca d&#8217;atenci\u00f3, hiperactivitat i impulsivitat. Comen\u00e7a a la infantesa i pot perdurar fins a l&#8217;adolesc\u00e8ncia i l&#8217;adultesa. Aquest trastorn pot impactar les relacions socials, el rendiment escolar, aix\u00ed [&hellip;]<\/p>","protected":false},"author":1,"featured_media":0,"parent":0,"menu_order":0,"comment_status":"closed","ping_status":"closed","template":"","meta":{"_acf_changed":false,"_glsr_average":0,"_glsr_ranking":0,"_glsr_reviews":0,"footnotes":""},"class_list":["post-634","page","type-page","status-publish","hentry"],"acf":[],"yoast_head":"<!-- This site is optimized with the Yoast SEO plugin v24.9 - https:\/\/yoast.com\/wordpress\/plugins\/seo\/ -->\n<title>Trastorn per d\u00e8ficit d\u2019atenci\u00f3 amb hiperactivitat | Espai Arcaita<\/title>\n<meta name=\"description\" content=\"Trastorn per d\u00e8ficit d\u2019atenci\u00f3 amb hiperactivitat Trastorns del neurodesenvolupament TDAH El trastorn per d\u00e8ficit d&#039;atenci\u00f3 i hiperactivitat \u00e9s una\" \/>\n<meta name=\"robots\" content=\"index, follow, max-snippet:-1, max-image-preview:large, max-video-preview:-1\" \/>\n<link rel=\"canonical\" href=\"https:\/\/espaiarcaita.com\/cast\/tdah-que-es-i-com-pot-ajudar-la-psicologia-infantil\/\" \/>\n<meta property=\"og:locale\" content=\"es_ES\" \/>\n<meta property=\"og:type\" content=\"article\" \/>\n<meta property=\"og:title\" content=\"Trastorn per d\u00e8ficit d\u2019atenci\u00f3 amb hiperactivitat | Espai Arcaita\" \/>\n<meta property=\"og:description\" content=\"Trastorn per d\u00e8ficit d\u2019atenci\u00f3 amb hiperactivitat Trastorns del neurodesenvolupament TDAH El trastorn per d\u00e8ficit d&#039;atenci\u00f3 i hiperactivitat \u00e9s una\" \/>\n<meta property=\"og:url\" content=\"https:\/\/espaiarcaita.com\/cast\/tdah-que-es-i-com-pot-ajudar-la-psicologia-infantil\/\" \/>\n<meta property=\"og:site_name\" content=\"Espai Arcaita\" \/>\n<meta property=\"article:modified_time\" content=\"2025-04-16T07:24:10+00:00\" \/>\n<meta property=\"og:image\" content=\"https:\/\/espaiarcaita.com\/wp-content\/uploads\/2025\/01\/cropped-EspaiArcaita_favicon.png\" \/>\n\t<meta property=\"og:image:width\" content=\"512\" \/>\n\t<meta property=\"og:image:height\" content=\"512\" \/>\n\t<meta property=\"og:image:type\" content=\"image\/png\" \/>\n<meta name=\"twitter:card\" content=\"summary_large_image\" \/>\n<meta name=\"twitter:label1\" content=\"Tiempo de lectura\" \/>\n\t<meta name=\"twitter:data1\" content=\"1 minuto\" \/>\n<script type=\"application\/ld+json\" class=\"yoast-schema-graph\">{\"@context\":\"https:\/\/schema.org\",\"@graph\":[{\"@type\":\"WebPage\",\"@id\":\"https:\/\/espaiarcaita.com\/trastorn-per-deficit-datencio-amb-hiperactivitat\/\",\"url\":\"https:\/\/espaiarcaita.com\/tdah-que-es-i-com-pot-ajudar-la-psicologia-infantil\/\",\"name\":\"Trastorn per d\u00e8ficit d\u2019atenci\u00f3 amb hiperactivitat | Espai Arcaita\",\"isPartOf\":{\"@id\":\"https:\/\/espaiarcaita.com\/#website\"},\"datePublished\":\"2024-12-13T08:25:37+00:00\",\"dateModified\":\"2025-04-16T07:24:10+00:00\",\"description\":\"Trastorn per d\u00e8ficit d\u2019atenci\u00f3 amb hiperactivitat Trastorns del neurodesenvolupament TDAH El trastorn per d\u00e8ficit d'atenci\u00f3 i hiperactivitat \u00e9s una\",\"breadcrumb\":{\"@id\":\"https:\/\/espaiarcaita.com\/tdah-que-es-i-com-pot-ajudar-la-psicologia-infantil\/#breadcrumb\"},\"inLanguage\":\"es\",\"potentialAction\":[{\"@type\":\"ReadAction\",\"target\":[\"https:\/\/espaiarcaita.com\/tdah-que-es-i-com-pot-ajudar-la-psicologia-infantil\/\"]}]},{\"@type\":\"BreadcrumbList\",\"@id\":\"https:\/\/espaiarcaita.com\/tdah-que-es-i-com-pot-ajudar-la-psicologia-infantil\/#breadcrumb\",\"itemListElement\":[{\"@type\":\"ListItem\",\"position\":1,\"name\":\"Punt Marketing\",\"item\":\"https:\/\/espaiarcaita.com\/\"},{\"@type\":\"ListItem\",\"position\":2,\"name\":\"Trastorn per d\u00e8ficit d\u2019atenci\u00f3 amb hiperactivitat\"}]},{\"@type\":\"WebSite\",\"@id\":\"https:\/\/espaiarcaita.com\/#website\",\"url\":\"https:\/\/espaiarcaita.com\/\",\"name\":\"Espai Arcaita\",\"description\":\"Espai de psicologia infantil i juvenil  que ofereix tractament de salut mental per infants i adolescents a Barcelona.\",\"publisher\":{\"@id\":\"https:\/\/espaiarcaita.com\/#organization\"},\"alternateName\":\"espaiarcaita.com\",\"potentialAction\":[{\"@type\":\"SearchAction\",\"target\":{\"@type\":\"EntryPoint\",\"urlTemplate\":\"https:\/\/espaiarcaita.com\/?s={search_term_string}\"},\"query-input\":{\"@type\":\"PropertyValueSpecification\",\"valueRequired\":true,\"valueName\":\"search_term_string\"}}],\"inLanguage\":\"es\"},{\"@type\":\"Organization\",\"@id\":\"https:\/\/espaiarcaita.com\/#organization\",\"name\":\"Espai Arcaita\",\"alternateName\":\"espaiarcaita.com\",\"url\":\"https:\/\/espaiarcaita.com\/\",\"logo\":{\"@type\":\"ImageObject\",\"inLanguage\":\"es\",\"@id\":\"https:\/\/espaiarcaita.com\/#\/schema\/logo\/image\/\",\"url\":\"https:\/\/espaiarcaita.com\/wp-content\/uploads\/2025\/01\/EspaiArcaita_favicon.png\",\"contentUrl\":\"https:\/\/espaiarcaita.com\/wp-content\/uploads\/2025\/01\/EspaiArcaita_favicon.png\",\"width\":512,\"height\":512,\"caption\":\"Espai Arcaita\"},\"image\":{\"@id\":\"https:\/\/espaiarcaita.com\/#\/schema\/logo\/image\/\"},\"sameAs\":[\"https:\/\/www.instagram.com\/espai.arcaita\/\"]}]}<\/script>\n<!-- \/ Yoast SEO plugin. -->","yoast_head_json":{"title":"Trastorn per d\u00e8ficit d\u2019atenci\u00f3 amb hiperactivitat | Espai Arcaita","description":"Trastorn per d\u00e8ficit d\u2019atenci\u00f3 amb hiperactivitat Trastorns del neurodesenvolupament TDAH El trastorn per d\u00e8ficit d'atenci\u00f3 i hiperactivitat \u00e9s una","robots":{"index":"index","follow":"follow","max-snippet":"max-snippet:-1","max-image-preview":"max-image-preview:large","max-video-preview":"max-video-preview:-1"},"canonical":"https:\/\/espaiarcaita.com\/cast\/tdah-que-es-i-com-pot-ajudar-la-psicologia-infantil\/","og_locale":"es_ES","og_type":"article","og_title":"Trastorn per d\u00e8ficit d\u2019atenci\u00f3 amb hiperactivitat | Espai Arcaita","og_description":"Trastorn per d\u00e8ficit d\u2019atenci\u00f3 amb hiperactivitat Trastorns del neurodesenvolupament TDAH El trastorn per d\u00e8ficit d'atenci\u00f3 i hiperactivitat \u00e9s una","og_url":"https:\/\/espaiarcaita.com\/cast\/tdah-que-es-i-com-pot-ajudar-la-psicologia-infantil\/","og_site_name":"Espai Arcaita","article_modified_time":"2025-04-16T07:24:10+00:00","og_image":[{"width":512,"height":512,"url":"https:\/\/espaiarcaita.com\/wp-content\/uploads\/2025\/01\/cropped-EspaiArcaita_favicon.png","type":"image\/png"}],"twitter_card":"summary_large_image","twitter_misc":{"Tiempo de lectura":"1 minuto"},"schema":{"@context":"https:\/\/schema.org","@graph":[{"@type":"WebPage","@id":"https:\/\/espaiarcaita.com\/trastorn-per-deficit-datencio-amb-hiperactivitat\/","url":"https:\/\/espaiarcaita.com\/tdah-que-es-i-com-pot-ajudar-la-psicologia-infantil\/","name":"Trastorn per d\u00e8ficit d\u2019atenci\u00f3 amb hiperactivitat | Espai Arcaita","isPartOf":{"@id":"https:\/\/espaiarcaita.com\/#website"},"datePublished":"2024-12-13T08:25:37+00:00","dateModified":"2025-04-16T07:24:10+00:00","description":"Trastorn per d\u00e8ficit d\u2019atenci\u00f3 amb hiperactivitat Trastorns del neurodesenvolupament TDAH El trastorn per d\u00e8ficit d'atenci\u00f3 i hiperactivitat \u00e9s una","breadcrumb":{"@id":"https:\/\/espaiarcaita.com\/tdah-que-es-i-com-pot-ajudar-la-psicologia-infantil\/#breadcrumb"},"inLanguage":"es","potentialAction":[{"@type":"ReadAction","target":["https:\/\/espaiarcaita.com\/tdah-que-es-i-com-pot-ajudar-la-psicologia-infantil\/"]}]},{"@type":"BreadcrumbList","@id":"https:\/\/espaiarcaita.com\/tdah-que-es-i-com-pot-ajudar-la-psicologia-infantil\/#breadcrumb","itemListElement":[{"@type":"ListItem","position":1,"name":"Punt Marketing","item":"https:\/\/espaiarcaita.com\/"},{"@type":"ListItem","position":2,"name":"Trastorn per d\u00e8ficit d\u2019atenci\u00f3 amb hiperactivitat"}]},{"@type":"WebSite","@id":"https:\/\/espaiarcaita.com\/#website","url":"https:\/\/espaiarcaita.com\/","name":"Espai Arcaita","description":"Espai de psicologia infantil i juvenil  que ofereix tractament de salut mental per infants i adolescents a Barcelona.","publisher":{"@id":"https:\/\/espaiarcaita.com\/#organization"},"alternateName":"espaiarcaita.com","potentialAction":[{"@type":"SearchAction","target":{"@type":"EntryPoint","urlTemplate":"https:\/\/espaiarcaita.com\/?s={search_term_string}"},"query-input":{"@type":"PropertyValueSpecification","valueRequired":true,"valueName":"search_term_string"}}],"inLanguage":"es"},{"@type":"Organization","@id":"https:\/\/espaiarcaita.com\/#organization","name":"Espai Arcaita","alternateName":"espaiarcaita.com","url":"https:\/\/espaiarcaita.com\/","logo":{"@type":"ImageObject","inLanguage":"es","@id":"https:\/\/espaiarcaita.com\/#\/schema\/logo\/image\/","url":"https:\/\/espaiarcaita.com\/wp-content\/uploads\/2025\/01\/EspaiArcaita_favicon.png","contentUrl":"https:\/\/espaiarcaita.com\/wp-content\/uploads\/2025\/01\/EspaiArcaita_favicon.png","width":512,"height":512,"caption":"Espai Arcaita"},"image":{"@id":"https:\/\/espaiarcaita.com\/#\/schema\/logo\/image\/"},"sameAs":["https:\/\/www.instagram.com\/espai.arcaita\/"]}]}},"_links":{"self":[{"href":"https:\/\/espaiarcaita.com\/cast\/wp-json\/wp\/v2\/pages\/634","targetHints":{"allow":["GET"]}}],"collection":[{"href":"https:\/\/espaiarcaita.com\/cast\/wp-json\/wp\/v2\/pages"}],"about":[{"href":"https:\/\/espaiarcaita.com\/cast\/wp-json\/wp\/v2\/types\/page"}],"author":[{"embeddable":true,"href":"https:\/\/espaiarcaita.com\/cast\/wp-json\/wp\/v2\/users\/1"}],"replies":[{"embeddable":true,"href":"https:\/\/espaiarcaita.com\/cast\/wp-json\/wp\/v2\/comments?post=634"}],"version-history":[{"count":31,"href":"https:\/\/espaiarcaita.com\/cast\/wp-json\/wp\/v2\/pages\/634\/revisions"}],"predecessor-version":[{"id":3288,"href":"https:\/\/espaiarcaita.com\/cast\/wp-json\/wp\/v2\/pages\/634\/revisions\/3288"}],"wp:attachment":[{"href":"https:\/\/espaiarcaita.com\/cast\/wp-json\/wp\/v2\/media?parent=634"}],"curies":[{"name":"wp","href":"https:\/\/api.w.org\/{rel}","templated":true}]}}