{"id":628,"date":"2024-12-12T20:27:24","date_gmt":"2024-12-12T20:27:24","guid":{"rendered":"https:\/\/espaiarcaita.com\/?page_id=628"},"modified":"2025-04-16T07:27:11","modified_gmt":"2025-04-16T07:27:11","slug":"trastorn-de-lespectre-de-lautisme","status":"publish","type":"page","link":"https:\/\/espaiarcaita.com\/cast\/trastorn-de-lespectre-de-lautisme\/","title":{"rendered":"Trastorno del espectro del autismo"},"content":{"rendered":"<div data-elementor-type=\"wp-page\" data-elementor-id=\"628\" class=\"elementor elementor-628\" data-elementor-post-type=\"page\">\n\t\t\t\t<div class=\"elementor-element elementor-element-57ca55a e-flex e-con-boxed e-con e-child\" data-id=\"57ca55a\" data-element_type=\"container\">\n\t\t\t\t\t<div class=\"e-con-inner\">\n\t\t\t\t<div class=\"elementor-element elementor-element-e4fe80d elementor-widget__width-inherit elementor-widget elementor-widget-heading\" data-id=\"e4fe80d\" data-element_type=\"widget\" data-widget_type=\"heading.default\">\n\t\t\t\t<div class=\"elementor-widget-container\">\n\t\t\t\t\t<h1 class=\"elementor-heading-title elementor-size-default\">Trastorno del espectro del autismo<\/h1>\t\t\t\t<\/div>\n\t\t\t\t<\/div>\n\t\t<div class=\"elementor-element elementor-element-72916b8 e-con-full e-flex e-con e-child\" data-id=\"72916b8\" data-element_type=\"container\">\n\t\t\t\t<div class=\"elementor-element elementor-element-5876c99 elementor-button-info elementor-align-left elementor-widget elementor-widget-button\" data-id=\"5876c99\" data-element_type=\"widget\" data-widget_type=\"button.default\">\n\t\t\t\t<div class=\"elementor-widget-container\">\n\t\t\t\t\t\t\t\t\t<div class=\"elementor-button-wrapper\">\n\t\t\t\t\t<a class=\"elementor-button elementor-button-link elementor-size-sm\" href=\"#\">\n\t\t\t\t\t\t<span class=\"elementor-button-content-wrapper\">\n\t\t\t\t\t\t\t\t\t<span class=\"elementor-button-text\">Trastornos del neurodesarrollo<\/span>\n\t\t\t\t\t<\/span>\n\t\t\t\t\t<\/a>\n\t\t\t\t<\/div>\n\t\t\t\t\t\t\t\t<\/div>\n\t\t\t\t<\/div>\n\t\t\t\t<div class=\"elementor-element elementor-element-0142be5 elementor-button-info elementor-align-left elementor-widget elementor-widget-button\" data-id=\"0142be5\" data-element_type=\"widget\" data-widget_type=\"button.default\">\n\t\t\t\t<div class=\"elementor-widget-container\">\n\t\t\t\t\t\t\t\t\t<div class=\"elementor-button-wrapper\">\n\t\t\t\t\t<a class=\"elementor-button elementor-button-link elementor-size-sm\" href=\"#\">\n\t\t\t\t\t\t<span class=\"elementor-button-content-wrapper\">\n\t\t\t\t\t\t\t\t\t<span class=\"elementor-button-text\">TEA<\/span>\n\t\t\t\t\t<\/span>\n\t\t\t\t\t<\/a>\n\t\t\t\t<\/div>\n\t\t\t\t\t\t\t\t<\/div>\n\t\t\t\t<\/div>\n\t\t\t\t<\/div>\n\t\t\t\t<div class=\"elementor-element elementor-element-33016c6 elementor-widget__width-inherit elementor-widget elementor-widget-text-editor\" data-id=\"33016c6\" data-element_type=\"widget\" data-widget_type=\"text-editor.default\">\n\t\t\t\t<div class=\"elementor-widget-container\">\n\t\t\t\t\t\t\t\t\t<p><span style=\"font-weight: 400;\">El trastorno del espectro autista (TEA) es una condici\u00f3n del neurodesarrollo que comienza en la infancia y dura toda la vida. Afecta al comportamiento, la comunicaci\u00f3n, la interacci\u00f3n social y el aprendizaje, con una gran variedad de s\u00edntomas e intensidades seg\u00fan la persona.\u00a0<\/span><\/p><p><span style=\"font-weight: 400;\">El autismo no es una enfermedad y no se cura, pero requiere adaptaciones seg\u00fan las necesidades y el grado de afectaci\u00f3n de cada persona. <\/span><\/p>\t\t\t\t\t\t\t\t<\/div>\n\t\t\t\t<\/div>\n\t\t\t\t<div class=\"elementor-element elementor-element-f7556d4 elementor-widget__width-inherit elementor-widget elementor-widget-heading\" data-id=\"f7556d4\" data-element_type=\"widget\" data-widget_type=\"heading.default\">\n\t\t\t\t<div class=\"elementor-widget-container\">\n\t\t\t\t\t<h2 class=\"elementor-heading-title elementor-size-default\">Senyals d\u2019alerta comuns:<\/h2>\t\t\t\t<\/div>\n\t\t\t\t<\/div>\n\t\t\t\t<div class=\"elementor-element elementor-element-4de31d1 elementor-widget__width-inherit elementor-widget elementor-widget-text-editor\" data-id=\"4de31d1\" data-element_type=\"widget\" data-widget_type=\"text-editor.default\">\n\t\t\t\t<div class=\"elementor-widget-container\">\n\t\t\t\t\t\t\t\t\t<ul><li style=\"font-weight: 400;\" aria-level=\"1\"><span style=\"font-weight: 400;\">Desarrollo at\u00edpico de las habilidades de comunicaci\u00f3n e interacci\u00f3n social.\u00a0<\/span><\/li><li style=\"font-weight: 400;\" aria-level=\"1\"><span style=\"font-weight: 400;\">Repertorio restringido de intereses.\u00a0<\/span><\/li><li style=\"font-weight: 400;\" aria-level=\"1\"><span style=\"font-weight: 400;\">Patrones restrictivos y repetitivos de comportamiento.\u00a0<\/span><\/li><li style=\"font-weight: 400;\" aria-level=\"1\"><span style=\"font-weight: 400;\">Dificultad en el procesamiento sensorial como hipersensibilidad o hiposensibilidad a est\u00edmulos.<\/span><\/li><\/ul>\t\t\t\t\t\t\t\t<\/div>\n\t\t\t\t<\/div>\n\t\t\t\t<div class=\"elementor-element elementor-element-11694b5 elementor-widget__width-auto elementor-widget elementor-widget-button\" data-id=\"11694b5\" data-element_type=\"widget\" data-widget_type=\"button.default\">\n\t\t\t\t<div class=\"elementor-widget-container\">\n\t\t\t\t\t\t\t\t\t<div class=\"elementor-button-wrapper\">\n\t\t\t\t\t<a class=\"elementor-button elementor-button-link elementor-size-sm\" href=\"https:\/\/espaiarcaita.com\/cast\/trastorn-de-lespectre-de-lautisme-tea-que-es-i-com-ajudar-el-teu-fill\/\">\n\t\t\t\t\t\t<span class=\"elementor-button-content-wrapper\">\n\t\t\t\t\t\t\t\t\t<span class=\"elementor-button-text\">saber m\u00e1s<\/span>\n\t\t\t\t\t<\/span>\n\t\t\t\t\t<\/a>\n\t\t\t\t<\/div>\n\t\t\t\t\t\t\t\t<\/div>\n\t\t\t\t<\/div>\n\t\t\t\t\t<\/div>\n\t\t\t\t<\/div>\n\t\t\t\t<\/div>","protected":false},"excerpt":{"rendered":"<p>Trastorn de l\u2019espectre de l\u2019autisme Trastorns del neurodesenvolupament TEA El trastorn de l\u2019espectre autista (TEA) \u00e9s una condici\u00f3 del neurodesenvolupament que comen\u00e7a a la infantesa i dura tota la vida. Afecta el comportament, la comunicaci\u00f3, la interacci\u00f3 social i l\u2019aprenentatge, amb una gran varietat de s\u00edmptomes i intensitats segons la persona.\u00a0 L\u2019autisme no \u00e9s una [&hellip;]<\/p>","protected":false},"author":1,"featured_media":0,"parent":0,"menu_order":0,"comment_status":"closed","ping_status":"closed","template":"","meta":{"_acf_changed":false,"_glsr_average":0,"_glsr_ranking":0,"_glsr_reviews":0,"footnotes":""},"class_list":["post-628","page","type-page","status-publish","hentry"],"acf":[],"yoast_head":"<!-- This site is optimized with the Yoast SEO plugin v24.9 - https:\/\/yoast.com\/wordpress\/plugins\/seo\/ -->\n<title>Trastorn de l\u2019espectre de l\u2019autisme | Espai Arcaita<\/title>\n<meta name=\"description\" content=\"Trastorn de l\u2019espectre de l\u2019autisme Trastorns del neurodesenvolupament TEA El trastorn de l\u2019espectre autista (TEA) \u00e9s una condici\u00f3 del\" \/>\n<meta name=\"robots\" content=\"index, follow, max-snippet:-1, max-image-preview:large, max-video-preview:-1\" \/>\n<link rel=\"canonical\" href=\"https:\/\/espaiarcaita.com\/cast\/trastorn-de-lespectre-de-lautisme-tea-que-es-i-com-ajudar-el-teu-fill\/\" \/>\n<meta property=\"og:locale\" content=\"es_ES\" \/>\n<meta property=\"og:type\" content=\"article\" \/>\n<meta property=\"og:title\" content=\"Trastorn de l\u2019espectre de l\u2019autisme | Espai Arcaita\" \/>\n<meta property=\"og:description\" content=\"Trastorn de l\u2019espectre de l\u2019autisme Trastorns del neurodesenvolupament TEA El trastorn de l\u2019espectre autista (TEA) \u00e9s una condici\u00f3 del\" \/>\n<meta property=\"og:url\" content=\"https:\/\/espaiarcaita.com\/cast\/trastorn-de-lespectre-de-lautisme-tea-que-es-i-com-ajudar-el-teu-fill\/\" \/>\n<meta property=\"og:site_name\" content=\"Espai Arcaita\" \/>\n<meta property=\"article:modified_time\" content=\"2025-04-16T07:27:11+00:00\" \/>\n<meta property=\"og:image\" content=\"https:\/\/espaiarcaita.com\/wp-content\/uploads\/2025\/01\/cropped-EspaiArcaita_favicon.png\" \/>\n\t<meta property=\"og:image:width\" content=\"512\" \/>\n\t<meta property=\"og:image:height\" content=\"512\" \/>\n\t<meta property=\"og:image:type\" content=\"image\/png\" \/>\n<meta name=\"twitter:card\" content=\"summary_large_image\" \/>\n<meta name=\"twitter:label1\" content=\"Tiempo de lectura\" \/>\n\t<meta name=\"twitter:data1\" content=\"1 minuto\" \/>\n<script type=\"application\/ld+json\" class=\"yoast-schema-graph\">{\"@context\":\"https:\/\/schema.org\",\"@graph\":[{\"@type\":\"WebPage\",\"@id\":\"https:\/\/espaiarcaita.com\/trastorn-de-lespectre-de-lautisme\/\",\"url\":\"https:\/\/espaiarcaita.com\/trastorn-de-lespectre-de-lautisme-tea-que-es-i-com-ajudar-el-teu-fill\/\",\"name\":\"Trastorn de l\u2019espectre de l\u2019autisme | Espai Arcaita\",\"isPartOf\":{\"@id\":\"https:\/\/espaiarcaita.com\/#website\"},\"datePublished\":\"2024-12-12T20:27:24+00:00\",\"dateModified\":\"2025-04-16T07:27:11+00:00\",\"description\":\"Trastorn de l\u2019espectre de l\u2019autisme Trastorns del neurodesenvolupament TEA El trastorn de l\u2019espectre autista (TEA) \u00e9s una condici\u00f3 del\",\"breadcrumb\":{\"@id\":\"https:\/\/espaiarcaita.com\/trastorn-de-lespectre-de-lautisme-tea-que-es-i-com-ajudar-el-teu-fill\/#breadcrumb\"},\"inLanguage\":\"es\",\"potentialAction\":[{\"@type\":\"ReadAction\",\"target\":[\"https:\/\/espaiarcaita.com\/trastorn-de-lespectre-de-lautisme-tea-que-es-i-com-ajudar-el-teu-fill\/\"]}]},{\"@type\":\"BreadcrumbList\",\"@id\":\"https:\/\/espaiarcaita.com\/trastorn-de-lespectre-de-lautisme-tea-que-es-i-com-ajudar-el-teu-fill\/#breadcrumb\",\"itemListElement\":[{\"@type\":\"ListItem\",\"position\":1,\"name\":\"Punt Marketing\",\"item\":\"https:\/\/espaiarcaita.com\/\"},{\"@type\":\"ListItem\",\"position\":2,\"name\":\"Trastorn de l\u2019espectre de l\u2019autisme\"}]},{\"@type\":\"WebSite\",\"@id\":\"https:\/\/espaiarcaita.com\/#website\",\"url\":\"https:\/\/espaiarcaita.com\/\",\"name\":\"Espai Arcaita\",\"description\":\"Espai de psicologia infantil i juvenil  que ofereix tractament de salut mental per infants i adolescents a Barcelona.\",\"publisher\":{\"@id\":\"https:\/\/espaiarcaita.com\/#organization\"},\"alternateName\":\"espaiarcaita.com\",\"potentialAction\":[{\"@type\":\"SearchAction\",\"target\":{\"@type\":\"EntryPoint\",\"urlTemplate\":\"https:\/\/espaiarcaita.com\/?s={search_term_string}\"},\"query-input\":{\"@type\":\"PropertyValueSpecification\",\"valueRequired\":true,\"valueName\":\"search_term_string\"}}],\"inLanguage\":\"es\"},{\"@type\":\"Organization\",\"@id\":\"https:\/\/espaiarcaita.com\/#organization\",\"name\":\"Espai Arcaita\",\"alternateName\":\"espaiarcaita.com\",\"url\":\"https:\/\/espaiarcaita.com\/\",\"logo\":{\"@type\":\"ImageObject\",\"inLanguage\":\"es\",\"@id\":\"https:\/\/espaiarcaita.com\/#\/schema\/logo\/image\/\",\"url\":\"https:\/\/espaiarcaita.com\/wp-content\/uploads\/2025\/01\/EspaiArcaita_favicon.png\",\"contentUrl\":\"https:\/\/espaiarcaita.com\/wp-content\/uploads\/2025\/01\/EspaiArcaita_favicon.png\",\"width\":512,\"height\":512,\"caption\":\"Espai Arcaita\"},\"image\":{\"@id\":\"https:\/\/espaiarcaita.com\/#\/schema\/logo\/image\/\"},\"sameAs\":[\"https:\/\/www.instagram.com\/espai.arcaita\/\"]}]}<\/script>\n<!-- \/ Yoast SEO plugin. -->","yoast_head_json":{"title":"Trastorn de l\u2019espectre de l\u2019autisme | Espai Arcaita","description":"Trastorn de l\u2019espectre de l\u2019autisme Trastorns del neurodesenvolupament TEA El trastorn de l\u2019espectre autista (TEA) \u00e9s una condici\u00f3 del","robots":{"index":"index","follow":"follow","max-snippet":"max-snippet:-1","max-image-preview":"max-image-preview:large","max-video-preview":"max-video-preview:-1"},"canonical":"https:\/\/espaiarcaita.com\/cast\/trastorn-de-lespectre-de-lautisme-tea-que-es-i-com-ajudar-el-teu-fill\/","og_locale":"es_ES","og_type":"article","og_title":"Trastorn de l\u2019espectre de l\u2019autisme | Espai Arcaita","og_description":"Trastorn de l\u2019espectre de l\u2019autisme Trastorns del neurodesenvolupament TEA El trastorn de l\u2019espectre autista (TEA) \u00e9s una condici\u00f3 del","og_url":"https:\/\/espaiarcaita.com\/cast\/trastorn-de-lespectre-de-lautisme-tea-que-es-i-com-ajudar-el-teu-fill\/","og_site_name":"Espai Arcaita","article_modified_time":"2025-04-16T07:27:11+00:00","og_image":[{"width":512,"height":512,"url":"https:\/\/espaiarcaita.com\/wp-content\/uploads\/2025\/01\/cropped-EspaiArcaita_favicon.png","type":"image\/png"}],"twitter_card":"summary_large_image","twitter_misc":{"Tiempo de lectura":"1 minuto"},"schema":{"@context":"https:\/\/schema.org","@graph":[{"@type":"WebPage","@id":"https:\/\/espaiarcaita.com\/trastorn-de-lespectre-de-lautisme\/","url":"https:\/\/espaiarcaita.com\/trastorn-de-lespectre-de-lautisme-tea-que-es-i-com-ajudar-el-teu-fill\/","name":"Trastorn de l\u2019espectre de l\u2019autisme | Espai Arcaita","isPartOf":{"@id":"https:\/\/espaiarcaita.com\/#website"},"datePublished":"2024-12-12T20:27:24+00:00","dateModified":"2025-04-16T07:27:11+00:00","description":"Trastorn de l\u2019espectre de l\u2019autisme Trastorns del neurodesenvolupament TEA El trastorn de l\u2019espectre autista (TEA) \u00e9s una condici\u00f3 del","breadcrumb":{"@id":"https:\/\/espaiarcaita.com\/trastorn-de-lespectre-de-lautisme-tea-que-es-i-com-ajudar-el-teu-fill\/#breadcrumb"},"inLanguage":"es","potentialAction":[{"@type":"ReadAction","target":["https:\/\/espaiarcaita.com\/trastorn-de-lespectre-de-lautisme-tea-que-es-i-com-ajudar-el-teu-fill\/"]}]},{"@type":"BreadcrumbList","@id":"https:\/\/espaiarcaita.com\/trastorn-de-lespectre-de-lautisme-tea-que-es-i-com-ajudar-el-teu-fill\/#breadcrumb","itemListElement":[{"@type":"ListItem","position":1,"name":"Punt Marketing","item":"https:\/\/espaiarcaita.com\/"},{"@type":"ListItem","position":2,"name":"Trastorn de l\u2019espectre de l\u2019autisme"}]},{"@type":"WebSite","@id":"https:\/\/espaiarcaita.com\/#website","url":"https:\/\/espaiarcaita.com\/","name":"Espai Arcaita","description":"Espai de psicologia infantil i juvenil  que ofereix tractament de salut mental per infants i adolescents a Barcelona.","publisher":{"@id":"https:\/\/espaiarcaita.com\/#organization"},"alternateName":"espaiarcaita.com","potentialAction":[{"@type":"SearchAction","target":{"@type":"EntryPoint","urlTemplate":"https:\/\/espaiarcaita.com\/?s={search_term_string}"},"query-input":{"@type":"PropertyValueSpecification","valueRequired":true,"valueName":"search_term_string"}}],"inLanguage":"es"},{"@type":"Organization","@id":"https:\/\/espaiarcaita.com\/#organization","name":"Espai Arcaita","alternateName":"espaiarcaita.com","url":"https:\/\/espaiarcaita.com\/","logo":{"@type":"ImageObject","inLanguage":"es","@id":"https:\/\/espaiarcaita.com\/#\/schema\/logo\/image\/","url":"https:\/\/espaiarcaita.com\/wp-content\/uploads\/2025\/01\/EspaiArcaita_favicon.png","contentUrl":"https:\/\/espaiarcaita.com\/wp-content\/uploads\/2025\/01\/EspaiArcaita_favicon.png","width":512,"height":512,"caption":"Espai Arcaita"},"image":{"@id":"https:\/\/espaiarcaita.com\/#\/schema\/logo\/image\/"},"sameAs":["https:\/\/www.instagram.com\/espai.arcaita\/"]}]}},"_links":{"self":[{"href":"https:\/\/espaiarcaita.com\/cast\/wp-json\/wp\/v2\/pages\/628","targetHints":{"allow":["GET"]}}],"collection":[{"href":"https:\/\/espaiarcaita.com\/cast\/wp-json\/wp\/v2\/pages"}],"about":[{"href":"https:\/\/espaiarcaita.com\/cast\/wp-json\/wp\/v2\/types\/page"}],"author":[{"embeddable":true,"href":"https:\/\/espaiarcaita.com\/cast\/wp-json\/wp\/v2\/users\/1"}],"replies":[{"embeddable":true,"href":"https:\/\/espaiarcaita.com\/cast\/wp-json\/wp\/v2\/comments?post=628"}],"version-history":[{"count":25,"href":"https:\/\/espaiarcaita.com\/cast\/wp-json\/wp\/v2\/pages\/628\/revisions"}],"predecessor-version":[{"id":3294,"href":"https:\/\/espaiarcaita.com\/cast\/wp-json\/wp\/v2\/pages\/628\/revisions\/3294"}],"wp:attachment":[{"href":"https:\/\/espaiarcaita.com\/cast\/wp-json\/wp\/v2\/media?parent=628"}],"curies":[{"name":"wp","href":"https:\/\/api.w.org\/{rel}","templated":true}]}}