{"id":623,"date":"2024-12-12T20:22:31","date_gmt":"2024-12-12T20:22:31","guid":{"rendered":"https:\/\/espaiarcaita.com\/?page_id=623"},"modified":"2025-04-16T07:31:50","modified_gmt":"2025-04-16T07:31:50","slug":"situacions-vitals-i-processos-de-dol","status":"publish","type":"page","link":"https:\/\/espaiarcaita.com\/cast\/situacions-vitals-i-processos-de-dol\/","title":{"rendered":"Situaciones vitales y procesos de duelo"},"content":{"rendered":"<div data-elementor-type=\"wp-page\" data-elementor-id=\"623\" class=\"elementor elementor-623\" data-elementor-post-type=\"page\">\n\t\t\t\t<div class=\"elementor-element elementor-element-7642f67 e-flex e-con-boxed e-con e-child\" data-id=\"7642f67\" data-element_type=\"container\">\n\t\t\t\t\t<div class=\"e-con-inner\">\n\t\t\t\t<div class=\"elementor-element elementor-element-5d6ebda elementor-widget__width-inherit elementor-widget elementor-widget-heading\" data-id=\"5d6ebda\" data-element_type=\"widget\" data-widget_type=\"heading.default\">\n\t\t\t\t<div class=\"elementor-widget-container\">\n\t\t\t\t\t<h1 class=\"elementor-heading-title elementor-size-default\">Situaciones vitales y procesos de duelo<\/h1>\t\t\t\t<\/div>\n\t\t\t\t<\/div>\n\t\t<div class=\"elementor-element elementor-element-8c661d4 e-con-full e-flex e-con e-child\" data-id=\"8c661d4\" data-element_type=\"container\">\n\t\t\t\t<div class=\"elementor-element elementor-element-62cc856 elementor-button-info elementor-align-left elementor-widget elementor-widget-button\" data-id=\"62cc856\" data-element_type=\"widget\" data-widget_type=\"button.default\">\n\t\t\t\t<div class=\"elementor-widget-container\">\n\t\t\t\t\t\t\t\t\t<div class=\"elementor-button-wrapper\">\n\t\t\t\t\t<a class=\"elementor-button elementor-button-link elementor-size-sm\" href=\"#\">\n\t\t\t\t\t\t<span class=\"elementor-button-content-wrapper\">\n\t\t\t\t\t\t\t\t\t<span class=\"elementor-button-text\">separaci\u00f3n<\/span>\n\t\t\t\t\t<\/span>\n\t\t\t\t\t<\/a>\n\t\t\t\t<\/div>\n\t\t\t\t\t\t\t\t<\/div>\n\t\t\t\t<\/div>\n\t\t\t\t<div class=\"elementor-element elementor-element-894768c elementor-button-info elementor-align-left elementor-widget elementor-widget-button\" data-id=\"894768c\" data-element_type=\"widget\" data-widget_type=\"button.default\">\n\t\t\t\t<div class=\"elementor-widget-container\">\n\t\t\t\t\t\t\t\t\t<div class=\"elementor-button-wrapper\">\n\t\t\t\t\t<a class=\"elementor-button elementor-button-link elementor-size-sm\" href=\"#\">\n\t\t\t\t\t\t<span class=\"elementor-button-content-wrapper\">\n\t\t\t\t\t\t\t\t\t<span class=\"elementor-button-text\">divorcio<\/span>\n\t\t\t\t\t<\/span>\n\t\t\t\t\t<\/a>\n\t\t\t\t<\/div>\n\t\t\t\t\t\t\t\t<\/div>\n\t\t\t\t<\/div>\n\t\t\t\t<div class=\"elementor-element elementor-element-fe15ac2 elementor-button-info elementor-align-left elementor-widget elementor-widget-button\" data-id=\"fe15ac2\" data-element_type=\"widget\" data-widget_type=\"button.default\">\n\t\t\t\t<div class=\"elementor-widget-container\">\n\t\t\t\t\t\t\t\t\t<div class=\"elementor-button-wrapper\">\n\t\t\t\t\t<a class=\"elementor-button elementor-button-link elementor-size-sm\" href=\"#\">\n\t\t\t\t\t\t<span class=\"elementor-button-content-wrapper\">\n\t\t\t\t\t\t\t\t\t<span class=\"elementor-button-text\">p\u00e9rdidas<\/span>\n\t\t\t\t\t<\/span>\n\t\t\t\t\t<\/a>\n\t\t\t\t<\/div>\n\t\t\t\t\t\t\t\t<\/div>\n\t\t\t\t<\/div>\n\t\t\t\t<div class=\"elementor-element elementor-element-a8a1a5b elementor-button-info elementor-align-left elementor-widget elementor-widget-button\" data-id=\"a8a1a5b\" data-element_type=\"widget\" data-widget_type=\"button.default\">\n\t\t\t\t<div class=\"elementor-widget-container\">\n\t\t\t\t\t\t\t\t\t<div class=\"elementor-button-wrapper\">\n\t\t\t\t\t<a class=\"elementor-button elementor-button-link elementor-size-sm\" href=\"#\">\n\t\t\t\t\t\t<span class=\"elementor-button-content-wrapper\">\n\t\t\t\t\t\t\t\t\t<span class=\"elementor-button-text\">muerte<\/span>\n\t\t\t\t\t<\/span>\n\t\t\t\t\t<\/a>\n\t\t\t\t<\/div>\n\t\t\t\t\t\t\t\t<\/div>\n\t\t\t\t<\/div>\n\t\t\t\t<\/div>\n\t\t\t\t<div class=\"elementor-element elementor-element-c8eddf3 elementor-widget__width-inherit elementor-widget elementor-widget-text-editor\" data-id=\"c8eddf3\" data-element_type=\"widget\" data-widget_type=\"text-editor.default\">\n\t\t\t\t<div class=\"elementor-widget-container\">\n\t\t\t\t\t\t\t\t\t<span style=\"font-weight: 400;\">El duelo es una respuesta emocional normal ante una p\u00e9rdida, esencial para reajustar emociones y adaptar comportamientos. Es un proceso \u00fanico y personal que puede requerir atenci\u00f3n si se convierte en traum\u00e1tico. En ni\u00f1os y adolescentes, las reacciones pueden variar en funci\u00f3n de la edad, desde el pensamiento m\u00e1gico hasta una comprensi\u00f3n m\u00e1s madura.\u00a0<\/span>\n\n<span style=\"font-weight: 400;\">Es crucial que los adultos acompa\u00f1en a los ni\u00f1os adaptando el apoyo seg\u00fan sus necesidades evolutivas.\t\t\t\t\t\t\t\t<\/div>\n\t\t\t\t<\/div>\n\t\t\t\t<div class=\"elementor-element elementor-element-14cdcba elementor-widget__width-inherit elementor-widget elementor-widget-heading\" data-id=\"14cdcba\" data-element_type=\"widget\" data-widget_type=\"heading.default\">\n\t\t\t\t<div class=\"elementor-widget-container\">\n\t\t\t\t\t<h2 class=\"elementor-heading-title elementor-size-default\">Caracter\u00edsticas clave para detectar el duelo en estas edades:<\/h2>\t\t\t\t<\/div>\n\t\t\t\t<\/div>\n\t\t\t\t<div class=\"elementor-element elementor-element-167c299 elementor-widget__width-inherit elementor-widget elementor-widget-text-editor\" data-id=\"167c299\" data-element_type=\"widget\" data-widget_type=\"text-editor.default\">\n\t\t\t\t<div class=\"elementor-widget-container\">\n\t\t\t\t\t\t\t\t\t<ul><li style=\"font-weight: 400;\" aria-level=\"1\"><span style=\"font-weight: 400;\">Bajo rendimiento escolar.\u00a0<\/span><\/li><li style=\"font-weight: 400;\" aria-level=\"1\"><span style=\"font-weight: 400;\">Quejas f\u00edsicas o alteraciones som\u00e1ticas.<\/span><\/li><li style=\"font-weight: 400;\" aria-level=\"1\"><span style=\"font-weight: 400;\">Dificultades con el sue\u00f1o y la alimentaci\u00f3n.<\/span><\/li><li style=\"font-weight: 400;\" aria-level=\"1\"><span style=\"font-weight: 400;\">Mayor irritabilidad y problemas de conducta.\u00a0<\/span><\/li><\/ul><ul><li style=\"font-weight: 400;\" aria-level=\"1\"><span style=\"font-weight: 400;\">Necesidad de aislamiento.\u00a0<\/span><\/li><\/ul><ul><li style=\"font-weight: 400;\" aria-level=\"1\"><span style=\"font-weight: 400;\">Menor verbalizaci\u00f3n de la p\u00e9rdida o de la persona fallecida.\u00a0\u00a0<\/span><\/li><li style=\"font-weight: 400;\" aria-level=\"1\"><span style=\"font-weight: 400;\">Expresi\u00f3n a trav\u00e9s del dibujo o el juego.\u00a0\u00a0<\/span><\/li><\/ul>\t\t\t\t\t\t\t\t<\/div>\n\t\t\t\t<\/div>\n\t\t\t\t<div class=\"elementor-element elementor-element-90cb352 elementor-widget__width-auto elementor-widget elementor-widget-button\" data-id=\"90cb352\" data-element_type=\"widget\" data-widget_type=\"button.default\">\n\t\t\t\t<div class=\"elementor-widget-container\">\n\t\t\t\t\t\t\t\t\t<div class=\"elementor-button-wrapper\">\n\t\t\t\t\t<a class=\"elementor-button elementor-button-link elementor-size-sm\" href=\"https:\/\/espaiarcaita.com\/cast\/com-acompanyar-els-infants-en-el-proces-de-dol-guia-per-a-families\/\">\n\t\t\t\t\t\t<span class=\"elementor-button-content-wrapper\">\n\t\t\t\t\t\t\t\t\t<span class=\"elementor-button-text\">saber m\u00e1s<\/span>\n\t\t\t\t\t<\/span>\n\t\t\t\t\t<\/a>\n\t\t\t\t<\/div>\n\t\t\t\t\t\t\t\t<\/div>\n\t\t\t\t<\/div>\n\t\t\t\t\t<\/div>\n\t\t\t\t<\/div>\n\t\t\t\t<\/div>","protected":false},"excerpt":{"rendered":"<p>Situacions vitals i processos de dol separaci\u00f3 divorci p\u00e8rdues mort El dol \u00e9s una resposta emocional normal davant d&#8217;una p\u00e8rdua, essencial per reajustar emocions i adaptar comportaments. \u00c9s un proc\u00e9s \u00fanic i personal que pot requerir atenci\u00f3 si es torna traum\u00e0tic. En infants i adolescents, les reaccions poden variar segons l&#8217;edat, des del pensament m\u00e0gic [&hellip;]<\/p>","protected":false},"author":1,"featured_media":0,"parent":0,"menu_order":0,"comment_status":"closed","ping_status":"closed","template":"","meta":{"_acf_changed":false,"_glsr_average":0,"_glsr_ranking":0,"_glsr_reviews":0,"footnotes":""},"class_list":["post-623","page","type-page","status-publish","hentry"],"acf":[],"yoast_head":"<!-- This site is optimized with the Yoast SEO plugin v24.9 - https:\/\/yoast.com\/wordpress\/plugins\/seo\/ -->\n<title>Situacions vitals i processos de dol | Espai Arcaita<\/title>\n<meta name=\"description\" content=\"Situacions vitals i processos de dol separaci\u00f3 divorci p\u00e8rdues mort El dol \u00e9s una resposta emocional normal davant d&#039;una p\u00e8rdua, essencial per reajustar\" \/>\n<meta name=\"robots\" content=\"index, follow, max-snippet:-1, max-image-preview:large, max-video-preview:-1\" \/>\n<link rel=\"canonical\" href=\"https:\/\/espaiarcaita.com\/cast\/com-acompanyar-els-infants-en-el-proces-de-dol-guia-per-a-families\/\" \/>\n<meta property=\"og:locale\" content=\"es_ES\" \/>\n<meta property=\"og:type\" content=\"article\" \/>\n<meta property=\"og:title\" content=\"Situacions vitals i processos de dol | Espai Arcaita\" \/>\n<meta property=\"og:description\" content=\"Situacions vitals i processos de dol separaci\u00f3 divorci p\u00e8rdues mort El dol \u00e9s una resposta emocional normal davant d&#039;una p\u00e8rdua, essencial per reajustar\" \/>\n<meta property=\"og:url\" content=\"https:\/\/espaiarcaita.com\/cast\/com-acompanyar-els-infants-en-el-proces-de-dol-guia-per-a-families\/\" \/>\n<meta property=\"og:site_name\" content=\"Espai Arcaita\" \/>\n<meta property=\"article:modified_time\" content=\"2025-04-16T07:31:50+00:00\" \/>\n<meta property=\"og:image\" content=\"https:\/\/espaiarcaita.com\/wp-content\/uploads\/2025\/01\/cropped-EspaiArcaita_favicon.png\" \/>\n\t<meta property=\"og:image:width\" content=\"512\" \/>\n\t<meta property=\"og:image:height\" content=\"512\" \/>\n\t<meta property=\"og:image:type\" content=\"image\/png\" \/>\n<meta name=\"twitter:card\" content=\"summary_large_image\" \/>\n<meta name=\"twitter:label1\" content=\"Tiempo de lectura\" \/>\n\t<meta name=\"twitter:data1\" content=\"1 minuto\" \/>\n<script type=\"application\/ld+json\" class=\"yoast-schema-graph\">{\"@context\":\"https:\/\/schema.org\",\"@graph\":[{\"@type\":\"WebPage\",\"@id\":\"https:\/\/espaiarcaita.com\/situacions-vitals-i-processos-de-dol\/\",\"url\":\"https:\/\/espaiarcaita.com\/com-acompanyar-els-infants-en-el-proces-de-dol-guia-per-a-families\/\",\"name\":\"Situacions vitals i processos de dol | Espai Arcaita\",\"isPartOf\":{\"@id\":\"https:\/\/espaiarcaita.com\/#website\"},\"datePublished\":\"2024-12-12T20:22:31+00:00\",\"dateModified\":\"2025-04-16T07:31:50+00:00\",\"description\":\"Situacions vitals i processos de dol separaci\u00f3 divorci p\u00e8rdues mort El dol \u00e9s una resposta emocional normal davant d'una p\u00e8rdua, essencial per reajustar\",\"breadcrumb\":{\"@id\":\"https:\/\/espaiarcaita.com\/com-acompanyar-els-infants-en-el-proces-de-dol-guia-per-a-families\/#breadcrumb\"},\"inLanguage\":\"es\",\"potentialAction\":[{\"@type\":\"ReadAction\",\"target\":[\"https:\/\/espaiarcaita.com\/com-acompanyar-els-infants-en-el-proces-de-dol-guia-per-a-families\/\"]}]},{\"@type\":\"BreadcrumbList\",\"@id\":\"https:\/\/espaiarcaita.com\/com-acompanyar-els-infants-en-el-proces-de-dol-guia-per-a-families\/#breadcrumb\",\"itemListElement\":[{\"@type\":\"ListItem\",\"position\":1,\"name\":\"Punt Marketing\",\"item\":\"https:\/\/espaiarcaita.com\/\"},{\"@type\":\"ListItem\",\"position\":2,\"name\":\"Situacions vitals i processos de dol\"}]},{\"@type\":\"WebSite\",\"@id\":\"https:\/\/espaiarcaita.com\/#website\",\"url\":\"https:\/\/espaiarcaita.com\/\",\"name\":\"Espai Arcaita\",\"description\":\"Espai de psicologia infantil i juvenil  que ofereix tractament de salut mental per infants i adolescents a Barcelona.\",\"publisher\":{\"@id\":\"https:\/\/espaiarcaita.com\/#organization\"},\"alternateName\":\"espaiarcaita.com\",\"potentialAction\":[{\"@type\":\"SearchAction\",\"target\":{\"@type\":\"EntryPoint\",\"urlTemplate\":\"https:\/\/espaiarcaita.com\/?s={search_term_string}\"},\"query-input\":{\"@type\":\"PropertyValueSpecification\",\"valueRequired\":true,\"valueName\":\"search_term_string\"}}],\"inLanguage\":\"es\"},{\"@type\":\"Organization\",\"@id\":\"https:\/\/espaiarcaita.com\/#organization\",\"name\":\"Espai Arcaita\",\"alternateName\":\"espaiarcaita.com\",\"url\":\"https:\/\/espaiarcaita.com\/\",\"logo\":{\"@type\":\"ImageObject\",\"inLanguage\":\"es\",\"@id\":\"https:\/\/espaiarcaita.com\/#\/schema\/logo\/image\/\",\"url\":\"https:\/\/espaiarcaita.com\/wp-content\/uploads\/2025\/01\/EspaiArcaita_favicon.png\",\"contentUrl\":\"https:\/\/espaiarcaita.com\/wp-content\/uploads\/2025\/01\/EspaiArcaita_favicon.png\",\"width\":512,\"height\":512,\"caption\":\"Espai Arcaita\"},\"image\":{\"@id\":\"https:\/\/espaiarcaita.com\/#\/schema\/logo\/image\/\"},\"sameAs\":[\"https:\/\/www.instagram.com\/espai.arcaita\/\"]}]}<\/script>\n<!-- \/ Yoast SEO plugin. -->","yoast_head_json":{"title":"Situacions vitals i processos de dol | Espai Arcaita","description":"Situacions vitals i processos de dol separaci\u00f3 divorci p\u00e8rdues mort El dol \u00e9s una resposta emocional normal davant d'una p\u00e8rdua, essencial per reajustar","robots":{"index":"index","follow":"follow","max-snippet":"max-snippet:-1","max-image-preview":"max-image-preview:large","max-video-preview":"max-video-preview:-1"},"canonical":"https:\/\/espaiarcaita.com\/cast\/com-acompanyar-els-infants-en-el-proces-de-dol-guia-per-a-families\/","og_locale":"es_ES","og_type":"article","og_title":"Situacions vitals i processos de dol | Espai Arcaita","og_description":"Situacions vitals i processos de dol separaci\u00f3 divorci p\u00e8rdues mort El dol \u00e9s una resposta emocional normal davant d'una p\u00e8rdua, essencial per reajustar","og_url":"https:\/\/espaiarcaita.com\/cast\/com-acompanyar-els-infants-en-el-proces-de-dol-guia-per-a-families\/","og_site_name":"Espai Arcaita","article_modified_time":"2025-04-16T07:31:50+00:00","og_image":[{"width":512,"height":512,"url":"https:\/\/espaiarcaita.com\/wp-content\/uploads\/2025\/01\/cropped-EspaiArcaita_favicon.png","type":"image\/png"}],"twitter_card":"summary_large_image","twitter_misc":{"Tiempo de lectura":"1 minuto"},"schema":{"@context":"https:\/\/schema.org","@graph":[{"@type":"WebPage","@id":"https:\/\/espaiarcaita.com\/situacions-vitals-i-processos-de-dol\/","url":"https:\/\/espaiarcaita.com\/com-acompanyar-els-infants-en-el-proces-de-dol-guia-per-a-families\/","name":"Situacions vitals i processos de dol | Espai Arcaita","isPartOf":{"@id":"https:\/\/espaiarcaita.com\/#website"},"datePublished":"2024-12-12T20:22:31+00:00","dateModified":"2025-04-16T07:31:50+00:00","description":"Situacions vitals i processos de dol separaci\u00f3 divorci p\u00e8rdues mort El dol \u00e9s una resposta emocional normal davant d'una p\u00e8rdua, essencial per reajustar","breadcrumb":{"@id":"https:\/\/espaiarcaita.com\/com-acompanyar-els-infants-en-el-proces-de-dol-guia-per-a-families\/#breadcrumb"},"inLanguage":"es","potentialAction":[{"@type":"ReadAction","target":["https:\/\/espaiarcaita.com\/com-acompanyar-els-infants-en-el-proces-de-dol-guia-per-a-families\/"]}]},{"@type":"BreadcrumbList","@id":"https:\/\/espaiarcaita.com\/com-acompanyar-els-infants-en-el-proces-de-dol-guia-per-a-families\/#breadcrumb","itemListElement":[{"@type":"ListItem","position":1,"name":"Punt Marketing","item":"https:\/\/espaiarcaita.com\/"},{"@type":"ListItem","position":2,"name":"Situacions vitals i processos de dol"}]},{"@type":"WebSite","@id":"https:\/\/espaiarcaita.com\/#website","url":"https:\/\/espaiarcaita.com\/","name":"Espai Arcaita","description":"Espai de psicologia infantil i juvenil  que ofereix tractament de salut mental per infants i adolescents a Barcelona.","publisher":{"@id":"https:\/\/espaiarcaita.com\/#organization"},"alternateName":"espaiarcaita.com","potentialAction":[{"@type":"SearchAction","target":{"@type":"EntryPoint","urlTemplate":"https:\/\/espaiarcaita.com\/?s={search_term_string}"},"query-input":{"@type":"PropertyValueSpecification","valueRequired":true,"valueName":"search_term_string"}}],"inLanguage":"es"},{"@type":"Organization","@id":"https:\/\/espaiarcaita.com\/#organization","name":"Espai Arcaita","alternateName":"espaiarcaita.com","url":"https:\/\/espaiarcaita.com\/","logo":{"@type":"ImageObject","inLanguage":"es","@id":"https:\/\/espaiarcaita.com\/#\/schema\/logo\/image\/","url":"https:\/\/espaiarcaita.com\/wp-content\/uploads\/2025\/01\/EspaiArcaita_favicon.png","contentUrl":"https:\/\/espaiarcaita.com\/wp-content\/uploads\/2025\/01\/EspaiArcaita_favicon.png","width":512,"height":512,"caption":"Espai Arcaita"},"image":{"@id":"https:\/\/espaiarcaita.com\/#\/schema\/logo\/image\/"},"sameAs":["https:\/\/www.instagram.com\/espai.arcaita\/"]}]}},"_links":{"self":[{"href":"https:\/\/espaiarcaita.com\/cast\/wp-json\/wp\/v2\/pages\/623","targetHints":{"allow":["GET"]}}],"collection":[{"href":"https:\/\/espaiarcaita.com\/cast\/wp-json\/wp\/v2\/pages"}],"about":[{"href":"https:\/\/espaiarcaita.com\/cast\/wp-json\/wp\/v2\/types\/page"}],"author":[{"embeddable":true,"href":"https:\/\/espaiarcaita.com\/cast\/wp-json\/wp\/v2\/users\/1"}],"replies":[{"embeddable":true,"href":"https:\/\/espaiarcaita.com\/cast\/wp-json\/wp\/v2\/comments?post=623"}],"version-history":[{"count":25,"href":"https:\/\/espaiarcaita.com\/cast\/wp-json\/wp\/v2\/pages\/623\/revisions"}],"predecessor-version":[{"id":3306,"href":"https:\/\/espaiarcaita.com\/cast\/wp-json\/wp\/v2\/pages\/623\/revisions\/3306"}],"wp:attachment":[{"href":"https:\/\/espaiarcaita.com\/cast\/wp-json\/wp\/v2\/media?parent=623"}],"curies":[{"name":"wp","href":"https:\/\/api.w.org\/{rel}","templated":true}]}}