{"id":604,"date":"2024-12-12T20:08:37","date_gmt":"2024-12-12T20:08:37","guid":{"rendered":"https:\/\/espaiarcaita.com\/?page_id=604"},"modified":"2025-04-16T07:10:14","modified_gmt":"2025-04-16T07:10:14","slug":"depressio","status":"publish","type":"page","link":"https:\/\/espaiarcaita.com\/cast\/depressio\/","title":{"rendered":"Depresi\u00f3n"},"content":{"rendered":"<div data-elementor-type=\"wp-page\" data-elementor-id=\"604\" class=\"elementor elementor-604\" data-elementor-post-type=\"page\">\n\t\t\t\t<div class=\"elementor-element elementor-element-4fd5791 e-flex e-con-boxed e-con e-child\" data-id=\"4fd5791\" data-element_type=\"container\">\n\t\t\t\t\t<div class=\"e-con-inner\">\n\t\t\t\t<div class=\"elementor-element elementor-element-554585b elementor-widget__width-inherit elementor-widget elementor-widget-heading\" data-id=\"554585b\" data-element_type=\"widget\" data-widget_type=\"heading.default\">\n\t\t\t\t<div class=\"elementor-widget-container\">\n\t\t\t\t\t<h1 class=\"elementor-heading-title elementor-size-default\">Depresi\u00f3n<\/h1>\t\t\t\t<\/div>\n\t\t\t\t<\/div>\n\t\t<div class=\"elementor-element elementor-element-cfdf6a6 e-con-full e-flex e-con e-child\" data-id=\"cfdf6a6\" data-element_type=\"container\">\n\t\t\t\t<div class=\"elementor-element elementor-element-49495fb elementor-button-info elementor-align-left elementor-widget elementor-widget-button\" data-id=\"49495fb\" data-element_type=\"widget\" data-widget_type=\"button.default\">\n\t\t\t\t<div class=\"elementor-widget-container\">\n\t\t\t\t\t\t\t\t\t<div class=\"elementor-button-wrapper\">\n\t\t\t\t\t<a class=\"elementor-button elementor-button-link elementor-size-sm\" href=\"#\">\n\t\t\t\t\t\t<span class=\"elementor-button-content-wrapper\">\n\t\t\t\t\t\t\t\t\t<span class=\"elementor-button-text\">Tristeza<\/span>\n\t\t\t\t\t<\/span>\n\t\t\t\t\t<\/a>\n\t\t\t\t<\/div>\n\t\t\t\t\t\t\t\t<\/div>\n\t\t\t\t<\/div>\n\t\t\t\t<div class=\"elementor-element elementor-element-f1f88ee elementor-button-info elementor-align-left elementor-widget elementor-widget-button\" data-id=\"f1f88ee\" data-element_type=\"widget\" data-widget_type=\"button.default\">\n\t\t\t\t<div class=\"elementor-widget-container\">\n\t\t\t\t\t\t\t\t\t<div class=\"elementor-button-wrapper\">\n\t\t\t\t\t<a class=\"elementor-button elementor-button-link elementor-size-sm\" href=\"#\">\n\t\t\t\t\t\t<span class=\"elementor-button-content-wrapper\">\n\t\t\t\t\t\t\t\t\t<span class=\"elementor-button-text\">Apat\u00eda<\/span>\n\t\t\t\t\t<\/span>\n\t\t\t\t\t<\/a>\n\t\t\t\t<\/div>\n\t\t\t\t\t\t\t\t<\/div>\n\t\t\t\t<\/div>\n\t\t\t\t<div class=\"elementor-element elementor-element-6ec149a elementor-button-info elementor-align-left elementor-widget elementor-widget-button\" data-id=\"6ec149a\" data-element_type=\"widget\" data-widget_type=\"button.default\">\n\t\t\t\t<div class=\"elementor-widget-container\">\n\t\t\t\t\t\t\t\t\t<div class=\"elementor-button-wrapper\">\n\t\t\t\t\t<a class=\"elementor-button elementor-button-link elementor-size-sm\" href=\"#\">\n\t\t\t\t\t\t<span class=\"elementor-button-content-wrapper\">\n\t\t\t\t\t\t\t\t\t<span class=\"elementor-button-text\">soledad<\/span>\n\t\t\t\t\t<\/span>\n\t\t\t\t\t<\/a>\n\t\t\t\t<\/div>\n\t\t\t\t\t\t\t\t<\/div>\n\t\t\t\t<\/div>\n\t\t\t\t<\/div>\n\t\t\t\t<div class=\"elementor-element elementor-element-131b19b elementor-widget__width-inherit elementor-widget elementor-widget-text-editor\" data-id=\"131b19b\" data-element_type=\"widget\" data-widget_type=\"text-editor.default\">\n\t\t\t\t<div class=\"elementor-widget-container\">\n\t\t\t\t\t\t\t\t\t<p><span style=\"font-weight: 400;\">La depresi\u00f3n es un trastorno mental com\u00fan que afecta a cualquier edad, con s\u00edntomas variables en severidad y manifestaciones seg\u00fan la persona y el contexto cultural. En los ni\u00f1os, puede ser severa, afectar al rendimiento acad\u00e9mico y a las relaciones con amigos y familiares. Es importante distinguir entre la tristeza, una emoci\u00f3n natural y adaptativa propia de la experiencia humana, y una depresi\u00f3n, que es un trastorno grave del estado de \u00e1nimo que requiere atenci\u00f3n especializada, ya que esta incluye irritabilidad, ansiedad y cambios de humor. <\/span><\/p>\t\t\t\t\t\t\t\t<\/div>\n\t\t\t\t<\/div>\n\t\t\t\t<div class=\"elementor-element elementor-element-5b49b72 elementor-widget__width-inherit elementor-widget elementor-widget-heading\" data-id=\"5b49b72\" data-element_type=\"widget\" data-widget_type=\"heading.default\">\n\t\t\t\t<div class=\"elementor-widget-container\">\n\t\t\t\t\t<h2 class=\"elementor-heading-title elementor-size-default\">Se\u00f1ales de alarma m\u00e1s comunes:<\/h2>\t\t\t\t<\/div>\n\t\t\t\t<\/div>\n\t\t\t\t<div class=\"elementor-element elementor-element-346a48f elementor-widget__width-inherit elementor-widget elementor-widget-text-editor\" data-id=\"346a48f\" data-element_type=\"widget\" data-widget_type=\"text-editor.default\">\n\t\t\t\t<div class=\"elementor-widget-container\">\n\t\t\t\t\t\t\t\t\t<ul><li style=\"font-weight: 400;\" aria-level=\"1\"><span style=\"font-weight: 400;\">Tristeza inusual y persistente,  y expresi\u00f3n de emociones apagadas frente a situaciones que habitualmente no provocar\u00edan esta respuesta.<\/span><\/li><li style=\"font-weight: 400;\" aria-level=\"1\"><span style=\"font-weight: 400;\">Falta de energ\u00eda y p\u00e9rdida de inter\u00e9s en actividades que antes disfrutaban.<\/span><\/li><li style=\"font-weight: 400;\" aria-level=\"1\"><span style=\"font-weight: 400;\">Cambios en los patrones de sue\u00f1o o apetito.<\/span><\/li><li style=\"font-weight: 400;\" aria-level=\"1\"><span style=\"font-weight: 400;\">Baja autoestima, sentimientos de inutilidad y culpa.<\/span><\/li><li style=\"font-weight: 400;\" aria-level=\"1\"><span style=\"font-weight: 400;\">Problemas de atenci\u00f3n y memoria o dificultad para concentrarse.\u00a0<\/span><\/li><li style=\"font-weight: 400;\" aria-level=\"1\"><span style=\"font-weight: 400;\">Comportamientos regresivos, como mojar la cama o chuparse el dedo.<\/span><\/li><li style=\"font-weight: 400;\" aria-level=\"1\"><span style=\"font-weight: 400;\">Desesperanza, pesimismo, impotencia.\u00a0<\/span><\/li><li style=\"font-weight: 400;\" aria-level=\"1\"><span style=\"font-weight: 400;\">Irritabilidad, inquietud.\u00a0<\/span><\/li><li style=\"font-weight: 400;\" aria-level=\"1\"><span style=\"font-weight: 400;\">Malestar general como dolor de cabeza, problemas digestivos, sensaci\u00f3n de cansancio y falta de energ\u00eda.<\/span><\/li><li style=\"font-weight: 400;\" aria-level=\"1\"><span style=\"font-weight: 400;\">Tendencia a aislarse socialmente.<\/span><\/li><li style=\"font-weight: 400;\" aria-level=\"1\"><span style=\"font-weight: 400;\">Falta de decisi\u00f3n.<\/span><\/li><li style=\"font-weight: 400;\" aria-level=\"1\"><span style=\"font-weight: 400;\">Inhibici\u00f3n psicomotriz.<\/span><\/li><li style=\"font-weight: 400;\" aria-level=\"1\"><span style=\"font-weight: 400;\">Pensamientos de muerte o intentos de suicidio.<\/span><\/li><\/ul>\t\t\t\t\t\t\t\t<\/div>\n\t\t\t\t<\/div>\n\t\t\t\t<div class=\"elementor-element elementor-element-d9a5416 elementor-widget__width-auto elementor-widget elementor-widget-button\" data-id=\"d9a5416\" data-element_type=\"widget\" data-widget_type=\"button.default\">\n\t\t\t\t<div class=\"elementor-widget-container\">\n\t\t\t\t\t\t\t\t\t<div class=\"elementor-button-wrapper\">\n\t\t\t\t\t<a class=\"elementor-button elementor-button-link elementor-size-sm\" href=\"https:\/\/espaiarcaita.com\/cast\/que-es-la-depressio-infantil-i-adolescent\/\">\n\t\t\t\t\t\t<span class=\"elementor-button-content-wrapper\">\n\t\t\t\t\t\t\t\t\t<span class=\"elementor-button-text\">saber m\u00e1s<\/span>\n\t\t\t\t\t<\/span>\n\t\t\t\t\t<\/a>\n\t\t\t\t<\/div>\n\t\t\t\t\t\t\t\t<\/div>\n\t\t\t\t<\/div>\n\t\t\t\t\t<\/div>\n\t\t\t\t<\/div>\n\t\t\t\t<\/div>","protected":false},"excerpt":{"rendered":"<p>Depressi\u00f3 Tristesa Apatia solitud La depressi\u00f3 \u00e9s un trastorn mental com\u00fa que afecta qualsevol edat, amb s\u00edmptomes variables en severitat i manifestacions segons la persona i el context cultural. En els infants, pot ser severa, afectar el rendiment acad\u00e8mic i les relacions amb amics i familiars. \u00c9s important distingir entre la tristesa, una emoci\u00f3 natural [&hellip;]<\/p>","protected":false},"author":1,"featured_media":0,"parent":0,"menu_order":0,"comment_status":"closed","ping_status":"closed","template":"","meta":{"_acf_changed":false,"_glsr_average":0,"_glsr_ranking":0,"_glsr_reviews":0,"footnotes":""},"class_list":["post-604","page","type-page","status-publish","hentry"],"acf":[],"yoast_head":"<!-- This site is optimized with the Yoast SEO plugin v24.9 - https:\/\/yoast.com\/wordpress\/plugins\/seo\/ -->\n<title>Depressi\u00f3 | Espai Arcaita<\/title>\n<meta name=\"description\" content=\"Depressi\u00f3 Tristesa Apatia solitud La depressi\u00f3 \u00e9s un trastorn mental com\u00fa que afecta qualsevol edat, amb s\u00edmptomes variables en severitat i manifestacions\" \/>\n<meta name=\"robots\" content=\"index, follow, max-snippet:-1, max-image-preview:large, max-video-preview:-1\" \/>\n<link rel=\"canonical\" href=\"https:\/\/espaiarcaita.com\/cast\/que-es-la-depressio-infantil-i-adolescent\/\" \/>\n<meta property=\"og:locale\" content=\"es_ES\" \/>\n<meta property=\"og:type\" content=\"article\" \/>\n<meta property=\"og:title\" content=\"Depressi\u00f3 | Espai Arcaita\" \/>\n<meta property=\"og:description\" content=\"Depressi\u00f3 Tristesa Apatia solitud La depressi\u00f3 \u00e9s un trastorn mental com\u00fa que afecta qualsevol edat, amb s\u00edmptomes variables en severitat i manifestacions\" \/>\n<meta property=\"og:url\" content=\"https:\/\/espaiarcaita.com\/cast\/que-es-la-depressio-infantil-i-adolescent\/\" \/>\n<meta property=\"og:site_name\" content=\"Espai Arcaita\" \/>\n<meta property=\"article:modified_time\" content=\"2025-04-16T07:10:14+00:00\" \/>\n<meta property=\"og:image\" content=\"https:\/\/espaiarcaita.com\/wp-content\/uploads\/2025\/01\/cropped-EspaiArcaita_favicon.png\" \/>\n\t<meta property=\"og:image:width\" content=\"512\" \/>\n\t<meta property=\"og:image:height\" content=\"512\" \/>\n\t<meta property=\"og:image:type\" content=\"image\/png\" \/>\n<meta name=\"twitter:card\" content=\"summary_large_image\" \/>\n<meta name=\"twitter:label1\" content=\"Tiempo de lectura\" \/>\n\t<meta name=\"twitter:data1\" content=\"1 minuto\" \/>\n<script type=\"application\/ld+json\" class=\"yoast-schema-graph\">{\"@context\":\"https:\/\/schema.org\",\"@graph\":[{\"@type\":\"WebPage\",\"@id\":\"https:\/\/espaiarcaita.com\/depressio\/\",\"url\":\"https:\/\/espaiarcaita.com\/que-es-la-depressio-infantil-i-adolescent\/\",\"name\":\"Depressi\u00f3 | Espai Arcaita\",\"isPartOf\":{\"@id\":\"https:\/\/espaiarcaita.com\/#website\"},\"datePublished\":\"2024-12-12T20:08:37+00:00\",\"dateModified\":\"2025-04-16T07:10:14+00:00\",\"description\":\"Depressi\u00f3 Tristesa Apatia solitud La depressi\u00f3 \u00e9s un trastorn mental com\u00fa que afecta qualsevol edat, amb s\u00edmptomes variables en severitat i manifestacions\",\"breadcrumb\":{\"@id\":\"https:\/\/espaiarcaita.com\/que-es-la-depressio-infantil-i-adolescent\/#breadcrumb\"},\"inLanguage\":\"es\",\"potentialAction\":[{\"@type\":\"ReadAction\",\"target\":[\"https:\/\/espaiarcaita.com\/que-es-la-depressio-infantil-i-adolescent\/\"]}]},{\"@type\":\"BreadcrumbList\",\"@id\":\"https:\/\/espaiarcaita.com\/que-es-la-depressio-infantil-i-adolescent\/#breadcrumb\",\"itemListElement\":[{\"@type\":\"ListItem\",\"position\":1,\"name\":\"Punt Marketing\",\"item\":\"https:\/\/espaiarcaita.com\/\"},{\"@type\":\"ListItem\",\"position\":2,\"name\":\"Depressi\u00f3\"}]},{\"@type\":\"WebSite\",\"@id\":\"https:\/\/espaiarcaita.com\/#website\",\"url\":\"https:\/\/espaiarcaita.com\/\",\"name\":\"Espai Arcaita\",\"description\":\"Espai de psicologia infantil i juvenil  que ofereix tractament de salut mental per infants i adolescents a Barcelona.\",\"publisher\":{\"@id\":\"https:\/\/espaiarcaita.com\/#organization\"},\"alternateName\":\"espaiarcaita.com\",\"potentialAction\":[{\"@type\":\"SearchAction\",\"target\":{\"@type\":\"EntryPoint\",\"urlTemplate\":\"https:\/\/espaiarcaita.com\/?s={search_term_string}\"},\"query-input\":{\"@type\":\"PropertyValueSpecification\",\"valueRequired\":true,\"valueName\":\"search_term_string\"}}],\"inLanguage\":\"es\"},{\"@type\":\"Organization\",\"@id\":\"https:\/\/espaiarcaita.com\/#organization\",\"name\":\"Espai Arcaita\",\"alternateName\":\"espaiarcaita.com\",\"url\":\"https:\/\/espaiarcaita.com\/\",\"logo\":{\"@type\":\"ImageObject\",\"inLanguage\":\"es\",\"@id\":\"https:\/\/espaiarcaita.com\/#\/schema\/logo\/image\/\",\"url\":\"https:\/\/espaiarcaita.com\/wp-content\/uploads\/2025\/01\/EspaiArcaita_favicon.png\",\"contentUrl\":\"https:\/\/espaiarcaita.com\/wp-content\/uploads\/2025\/01\/EspaiArcaita_favicon.png\",\"width\":512,\"height\":512,\"caption\":\"Espai Arcaita\"},\"image\":{\"@id\":\"https:\/\/espaiarcaita.com\/#\/schema\/logo\/image\/\"},\"sameAs\":[\"https:\/\/www.instagram.com\/espai.arcaita\/\"]}]}<\/script>\n<!-- \/ Yoast SEO plugin. -->","yoast_head_json":{"title":"Depressi\u00f3 | Espai Arcaita","description":"Depressi\u00f3 Tristesa Apatia solitud La depressi\u00f3 \u00e9s un trastorn mental com\u00fa que afecta qualsevol edat, amb s\u00edmptomes variables en severitat i manifestacions","robots":{"index":"index","follow":"follow","max-snippet":"max-snippet:-1","max-image-preview":"max-image-preview:large","max-video-preview":"max-video-preview:-1"},"canonical":"https:\/\/espaiarcaita.com\/cast\/que-es-la-depressio-infantil-i-adolescent\/","og_locale":"es_ES","og_type":"article","og_title":"Depressi\u00f3 | Espai Arcaita","og_description":"Depressi\u00f3 Tristesa Apatia solitud La depressi\u00f3 \u00e9s un trastorn mental com\u00fa que afecta qualsevol edat, amb s\u00edmptomes variables en severitat i manifestacions","og_url":"https:\/\/espaiarcaita.com\/cast\/que-es-la-depressio-infantil-i-adolescent\/","og_site_name":"Espai Arcaita","article_modified_time":"2025-04-16T07:10:14+00:00","og_image":[{"width":512,"height":512,"url":"https:\/\/espaiarcaita.com\/wp-content\/uploads\/2025\/01\/cropped-EspaiArcaita_favicon.png","type":"image\/png"}],"twitter_card":"summary_large_image","twitter_misc":{"Tiempo de lectura":"1 minuto"},"schema":{"@context":"https:\/\/schema.org","@graph":[{"@type":"WebPage","@id":"https:\/\/espaiarcaita.com\/depressio\/","url":"https:\/\/espaiarcaita.com\/que-es-la-depressio-infantil-i-adolescent\/","name":"Depressi\u00f3 | Espai Arcaita","isPartOf":{"@id":"https:\/\/espaiarcaita.com\/#website"},"datePublished":"2024-12-12T20:08:37+00:00","dateModified":"2025-04-16T07:10:14+00:00","description":"Depressi\u00f3 Tristesa Apatia solitud La depressi\u00f3 \u00e9s un trastorn mental com\u00fa que afecta qualsevol edat, amb s\u00edmptomes variables en severitat i manifestacions","breadcrumb":{"@id":"https:\/\/espaiarcaita.com\/que-es-la-depressio-infantil-i-adolescent\/#breadcrumb"},"inLanguage":"es","potentialAction":[{"@type":"ReadAction","target":["https:\/\/espaiarcaita.com\/que-es-la-depressio-infantil-i-adolescent\/"]}]},{"@type":"BreadcrumbList","@id":"https:\/\/espaiarcaita.com\/que-es-la-depressio-infantil-i-adolescent\/#breadcrumb","itemListElement":[{"@type":"ListItem","position":1,"name":"Punt Marketing","item":"https:\/\/espaiarcaita.com\/"},{"@type":"ListItem","position":2,"name":"Depressi\u00f3"}]},{"@type":"WebSite","@id":"https:\/\/espaiarcaita.com\/#website","url":"https:\/\/espaiarcaita.com\/","name":"Espai Arcaita","description":"Espai de psicologia infantil i juvenil  que ofereix tractament de salut mental per infants i adolescents a Barcelona.","publisher":{"@id":"https:\/\/espaiarcaita.com\/#organization"},"alternateName":"espaiarcaita.com","potentialAction":[{"@type":"SearchAction","target":{"@type":"EntryPoint","urlTemplate":"https:\/\/espaiarcaita.com\/?s={search_term_string}"},"query-input":{"@type":"PropertyValueSpecification","valueRequired":true,"valueName":"search_term_string"}}],"inLanguage":"es"},{"@type":"Organization","@id":"https:\/\/espaiarcaita.com\/#organization","name":"Espai Arcaita","alternateName":"espaiarcaita.com","url":"https:\/\/espaiarcaita.com\/","logo":{"@type":"ImageObject","inLanguage":"es","@id":"https:\/\/espaiarcaita.com\/#\/schema\/logo\/image\/","url":"https:\/\/espaiarcaita.com\/wp-content\/uploads\/2025\/01\/EspaiArcaita_favicon.png","contentUrl":"https:\/\/espaiarcaita.com\/wp-content\/uploads\/2025\/01\/EspaiArcaita_favicon.png","width":512,"height":512,"caption":"Espai Arcaita"},"image":{"@id":"https:\/\/espaiarcaita.com\/#\/schema\/logo\/image\/"},"sameAs":["https:\/\/www.instagram.com\/espai.arcaita\/"]}]}},"_links":{"self":[{"href":"https:\/\/espaiarcaita.com\/cast\/wp-json\/wp\/v2\/pages\/604","targetHints":{"allow":["GET"]}}],"collection":[{"href":"https:\/\/espaiarcaita.com\/cast\/wp-json\/wp\/v2\/pages"}],"about":[{"href":"https:\/\/espaiarcaita.com\/cast\/wp-json\/wp\/v2\/types\/page"}],"author":[{"embeddable":true,"href":"https:\/\/espaiarcaita.com\/cast\/wp-json\/wp\/v2\/users\/1"}],"replies":[{"embeddable":true,"href":"https:\/\/espaiarcaita.com\/cast\/wp-json\/wp\/v2\/comments?post=604"}],"version-history":[{"count":28,"href":"https:\/\/espaiarcaita.com\/cast\/wp-json\/wp\/v2\/pages\/604\/revisions"}],"predecessor-version":[{"id":3271,"href":"https:\/\/espaiarcaita.com\/cast\/wp-json\/wp\/v2\/pages\/604\/revisions\/3271"}],"wp:attachment":[{"href":"https:\/\/espaiarcaita.com\/cast\/wp-json\/wp\/v2\/media?parent=604"}],"curies":[{"name":"wp","href":"https:\/\/api.w.org\/{rel}","templated":true}]}}