{"id":292,"date":"2024-12-09T18:55:43","date_gmt":"2024-12-09T18:55:43","guid":{"rendered":"https:\/\/espaiarcaita.com\/?page_id=292"},"modified":"2025-04-16T07:26:02","modified_gmt":"2025-04-16T07:26:02","slug":"problemes-emocionals-i-conductuals","status":"publish","type":"page","link":"https:\/\/espaiarcaita.com\/cast\/problemes-emocionals-conductuals\/","title":{"rendered":"Problemas emocionales y conductuales"},"content":{"rendered":"<div data-elementor-type=\"wp-page\" data-elementor-id=\"292\" class=\"elementor elementor-292\" data-elementor-post-type=\"page\">\n\t\t\t\t<div class=\"elementor-element elementor-element-94889a8 e-flex e-con-boxed e-con e-child\" data-id=\"94889a8\" data-element_type=\"container\">\n\t\t\t\t\t<div class=\"e-con-inner\">\n\t\t\t\t<div class=\"elementor-element elementor-element-30afdb9 elementor-widget__width-inherit elementor-widget elementor-widget-heading\" data-id=\"30afdb9\" data-element_type=\"widget\" data-widget_type=\"heading.default\">\n\t\t\t\t<div class=\"elementor-widget-container\">\n\t\t\t\t\t<h1 class=\"elementor-heading-title elementor-size-default\">Problemas emocionales y conductuales<\/h1>\t\t\t\t<\/div>\n\t\t\t\t<\/div>\n\t\t<div class=\"elementor-element elementor-element-2e54ff1 e-con-full e-flex e-con e-child\" data-id=\"2e54ff1\" data-element_type=\"container\">\n\t\t\t\t<div class=\"elementor-element elementor-element-59d8c08 elementor-button-info elementor-align-left elementor-widget elementor-widget-button\" data-id=\"59d8c08\" data-element_type=\"widget\" data-widget_type=\"button.default\">\n\t\t\t\t<div class=\"elementor-widget-container\">\n\t\t\t\t\t\t\t\t\t<div class=\"elementor-button-wrapper\">\n\t\t\t\t\t<a class=\"elementor-button elementor-button-link elementor-size-sm\" href=\"#\">\n\t\t\t\t\t\t<span class=\"elementor-button-content-wrapper\">\n\t\t\t\t\t\t\t\t\t<span class=\"elementor-button-text\">INESTABILIDAD<\/span>\n\t\t\t\t\t<\/span>\n\t\t\t\t\t<\/a>\n\t\t\t\t<\/div>\n\t\t\t\t\t\t\t\t<\/div>\n\t\t\t\t<\/div>\n\t\t\t\t<div class=\"elementor-element elementor-element-b42ec98 elementor-button-info elementor-align-left elementor-widget elementor-widget-button\" data-id=\"b42ec98\" data-element_type=\"widget\" data-widget_type=\"button.default\">\n\t\t\t\t<div class=\"elementor-widget-container\">\n\t\t\t\t\t\t\t\t\t<div class=\"elementor-button-wrapper\">\n\t\t\t\t\t<a class=\"elementor-button elementor-button-link elementor-size-sm\" href=\"#\">\n\t\t\t\t\t\t<span class=\"elementor-button-content-wrapper\">\n\t\t\t\t\t\t\t\t\t<span class=\"elementor-button-text\">Inseguridad<\/span>\n\t\t\t\t\t<\/span>\n\t\t\t\t\t<\/a>\n\t\t\t\t<\/div>\n\t\t\t\t\t\t\t\t<\/div>\n\t\t\t\t<\/div>\n\t\t\t\t<div class=\"elementor-element elementor-element-50ac252 elementor-button-info elementor-align-left elementor-widget elementor-widget-button\" data-id=\"50ac252\" data-element_type=\"widget\" data-widget_type=\"button.default\">\n\t\t\t\t<div class=\"elementor-widget-container\">\n\t\t\t\t\t\t\t\t\t<div class=\"elementor-button-wrapper\">\n\t\t\t\t\t<a class=\"elementor-button elementor-button-link elementor-size-sm\" href=\"#\">\n\t\t\t\t\t\t<span class=\"elementor-button-content-wrapper\">\n\t\t\t\t\t\t\t\t\t<span class=\"elementor-button-text\">autoestima<\/span>\n\t\t\t\t\t<\/span>\n\t\t\t\t\t<\/a>\n\t\t\t\t<\/div>\n\t\t\t\t\t\t\t\t<\/div>\n\t\t\t\t<\/div>\n\t\t\t\t<div class=\"elementor-element elementor-element-21cf779 elementor-button-info elementor-align-left elementor-widget elementor-widget-button\" data-id=\"21cf779\" data-element_type=\"widget\" data-widget_type=\"button.default\">\n\t\t\t\t<div class=\"elementor-widget-container\">\n\t\t\t\t\t\t\t\t\t<div class=\"elementor-button-wrapper\">\n\t\t\t\t\t<a class=\"elementor-button elementor-button-link elementor-size-sm\" href=\"#\">\n\t\t\t\t\t\t<span class=\"elementor-button-content-wrapper\">\n\t\t\t\t\t\t\t\t\t<span class=\"elementor-button-text\">Control de esf\u00ednteres<\/span>\n\t\t\t\t\t<\/span>\n\t\t\t\t\t<\/a>\n\t\t\t\t<\/div>\n\t\t\t\t\t\t\t\t<\/div>\n\t\t\t\t<\/div>\n\t\t\t\t<div class=\"elementor-element elementor-element-ad17a67 elementor-button-info elementor-align-left elementor-widget elementor-widget-button\" data-id=\"ad17a67\" data-element_type=\"widget\" data-widget_type=\"button.default\">\n\t\t\t\t<div class=\"elementor-widget-container\">\n\t\t\t\t\t\t\t\t\t<div class=\"elementor-button-wrapper\">\n\t\t\t\t\t<a class=\"elementor-button elementor-button-link elementor-size-sm\" href=\"#\">\n\t\t\t\t\t\t<span class=\"elementor-button-content-wrapper\">\n\t\t\t\t\t\t\t\t\t<span class=\"elementor-button-text\">impulsividad<\/span>\n\t\t\t\t\t<\/span>\n\t\t\t\t\t<\/a>\n\t\t\t\t<\/div>\n\t\t\t\t\t\t\t\t<\/div>\n\t\t\t\t<\/div>\n\t\t\t\t<div class=\"elementor-element elementor-element-8614121 elementor-button-info elementor-align-left elementor-widget elementor-widget-button\" data-id=\"8614121\" data-element_type=\"widget\" data-widget_type=\"button.default\">\n\t\t\t\t<div class=\"elementor-widget-container\">\n\t\t\t\t\t\t\t\t\t<div class=\"elementor-button-wrapper\">\n\t\t\t\t\t<a class=\"elementor-button elementor-button-link elementor-size-sm\" href=\"#\">\n\t\t\t\t\t\t<span class=\"elementor-button-content-wrapper\">\n\t\t\t\t\t\t\t\t\t<span class=\"elementor-button-text\">Irritabilidad<\/span>\n\t\t\t\t\t<\/span>\n\t\t\t\t\t<\/a>\n\t\t\t\t<\/div>\n\t\t\t\t\t\t\t\t<\/div>\n\t\t\t\t<\/div>\n\t\t\t\t<div class=\"elementor-element elementor-element-faee85a elementor-button-info elementor-align-left elementor-widget elementor-widget-button\" data-id=\"faee85a\" data-element_type=\"widget\" data-widget_type=\"button.default\">\n\t\t\t\t<div class=\"elementor-widget-container\">\n\t\t\t\t\t\t\t\t\t<div class=\"elementor-button-wrapper\">\n\t\t\t\t\t<a class=\"elementor-button elementor-button-link elementor-size-sm\" href=\"#\">\n\t\t\t\t\t\t<span class=\"elementor-button-content-wrapper\">\n\t\t\t\t\t\t\t\t\t<span class=\"elementor-button-text\">frustraci\u00f3n<\/span>\n\t\t\t\t\t<\/span>\n\t\t\t\t\t<\/a>\n\t\t\t\t<\/div>\n\t\t\t\t\t\t\t\t<\/div>\n\t\t\t\t<\/div>\n\t\t\t\t<div class=\"elementor-element elementor-element-87ebe5f elementor-button-info elementor-align-left elementor-widget elementor-widget-button\" data-id=\"87ebe5f\" data-element_type=\"widget\" data-widget_type=\"button.default\">\n\t\t\t\t<div class=\"elementor-widget-container\">\n\t\t\t\t\t\t\t\t\t<div class=\"elementor-button-wrapper\">\n\t\t\t\t\t<a class=\"elementor-button elementor-button-link elementor-size-sm\" href=\"#\">\n\t\t\t\t\t\t<span class=\"elementor-button-content-wrapper\">\n\t\t\t\t\t\t\t\t\t<span class=\"elementor-button-text\">Trastornos del sue\u00f1o<\/span>\n\t\t\t\t\t<\/span>\n\t\t\t\t\t<\/a>\n\t\t\t\t<\/div>\n\t\t\t\t\t\t\t\t<\/div>\n\t\t\t\t<\/div>\n\t\t\t\t<\/div>\n\t\t\t\t<div class=\"elementor-element elementor-element-fd70eb8 elementor-widget__width-inherit elementor-widget elementor-widget-text-editor\" data-id=\"fd70eb8\" data-element_type=\"widget\" data-widget_type=\"text-editor.default\">\n\t\t\t\t<div class=\"elementor-widget-container\">\n\t\t\t\t\t\t\t\t\t<p><span style=\"font-weight: 400;\">Los problemas emocionales y de conducta son comunes en la infancia y pueden afectar a los \u00e1mbitos social, emocional, acad\u00e9mico y familiar. La detecci\u00f3n e intervenci\u00f3n precoz es clave para mejorar el pron\u00f3stico, puesto que pueden tener causas neurol\u00f3gicas o ambientales.\u00a0<\/span><\/p><p><span style=\"font-weight: 400;\">Existe una gran variedad de problemas emocionales, desde trastornos espec\u00edficos hasta patolog\u00edas m\u00e1s inespec\u00edficas. Su variedad y complejidad requieren una visi\u00f3n amplia para comprender su origen y mantenimiento, a menudo identificado por padres y profesores.\u00a0<\/span><\/p>\t\t\t\t\t\t\t\t<\/div>\n\t\t\t\t<\/div>\n\t\t\t\t<div class=\"elementor-element elementor-element-09ca1a9 elementor-widget__width-inherit elementor-widget elementor-widget-heading\" data-id=\"09ca1a9\" data-element_type=\"widget\" data-widget_type=\"heading.default\">\n\t\t\t\t<div class=\"elementor-widget-container\">\n\t\t\t\t\t<h2 class=\"elementor-heading-title elementor-size-default\">Indicadores a tener en cuenta:<\/h2>\t\t\t\t<\/div>\n\t\t\t\t<\/div>\n\t\t\t\t<div class=\"elementor-element elementor-element-8d6b5af elementor-widget__width-inherit elementor-widget elementor-widget-text-editor\" data-id=\"8d6b5af\" data-element_type=\"widget\" data-widget_type=\"text-editor.default\">\n\t\t\t\t<div class=\"elementor-widget-container\">\n\t\t\t\t\t\t\t\t\t<span style=\"font-weight: 400;\">Algunos indicadores de trastornos emocionales en ni\u00f1os pueden ser:<\/span>\n<ul><br>\n \t<li>Preferencia por estar solos.<\/li>\n \t<li>Quejas de molestias f\u00edsicas y absentismo escolar debido a estas.<\/li>\n \t<li>Ansiedad, inseguridad, temor y preocupaci\u00f3n constantes.<\/li>\n \t<li>Comportamiento inmaduro as\u00ed como dependencia de los adultos.<\/li>\n \t<li>Pensamientos o ideas at\u00edpicas.<\/li>\n \t<li>Tristeza y\/o apat\u00eda.<\/li>\n<\/ul><br>\n<span style=\"font-weight: 400;\">\nEstas dificultades no solamente afectan al proceso de aprendizaje, sino que tambi\u00e9n dificultan las relaciones sociales y la interacci\u00f3n saludable con los dem\u00e1s.<\/span>\n\n<span style=\"font-weight: 400;\">Algunos de los problemas de conducta m\u00e1s comunes incluyen:<\/span>\n<ul><br>\n \t<li><span style=\"font-weight: 400;\">Dificultad para concentrarse.<\/span><\/li>\n \t<li><span style=\"font-weight: 400;\">Baja tolerancia a la frustraci\u00f3n.<\/span><\/li>\n \t<li><span style=\"font-weight: 400;\">Conductas desobedientes y b\u00fasqueda de atenci\u00f3n por falta de disciplina.<\/span><\/li>\n \t<li><span style=\"font-weight: 400;\">Transgresi\u00f3n de normas sociales.<\/span><\/li>\n \t<li><span style=\"font-weight: 400;\">Desmotivaci\u00f3n acad\u00e9mica y expulsiones escolares.<\/span><\/li>\n \t<li><span style=\"font-weight: 400;\">Falta de empat\u00eda.\u00a0<\/span><\/li>\n \t<li><span style=\"font-weight: 400;\">Conductas agresivas y violentas.<\/span><\/li>\n \t<li><span style=\"font-weight: 400;\">Interpretaci\u00f3n err\u00f3nea de intenciones y responder agresivamente.\u00a0<\/span><\/li>\n \t<li><span style=\"font-weight: 400;\">Ausencia de culpabilidad y remordimientos.<\/span><\/li>\n<\/ul>\n<br><span style=\"font-weight: 400;\">\nLos s\u00edntomas var\u00edan seg\u00fan la edad y el desarrollo, afectando a \u00e1mbitos sociales, emocionales, acad\u00e9micos y familiares. Aunque pueden ser parte del desarrollo normal, es necesario evaluar la frecuencia, intensidad y persistencia para decidir si es necesario apoyo profesional.<\/span>\t\t\t\t\t\t\t\t<\/div>\n\t\t\t\t<\/div>\n\t\t\t\t<div class=\"elementor-element elementor-element-d6759aa elementor-widget__width-auto elementor-widget elementor-widget-button\" data-id=\"d6759aa\" data-element_type=\"widget\" data-widget_type=\"button.default\">\n\t\t\t\t<div class=\"elementor-widget-container\">\n\t\t\t\t\t\t\t\t\t<div class=\"elementor-button-wrapper\">\n\t\t\t\t\t<a class=\"elementor-button elementor-button-link elementor-size-sm\" href=\"https:\/\/espaiarcaita.com\/cast\/problemes-emocionals-i-conductuals-2\/\">\n\t\t\t\t\t\t<span class=\"elementor-button-content-wrapper\">\n\t\t\t\t\t\t\t\t\t<span class=\"elementor-button-text\">saber m\u00e1s<\/span>\n\t\t\t\t\t<\/span>\n\t\t\t\t\t<\/a>\n\t\t\t\t<\/div>\n\t\t\t\t\t\t\t\t<\/div>\n\t\t\t\t<\/div>\n\t\t\t\t\t<\/div>\n\t\t\t\t<\/div>\n\t\t\t\t<\/div>","protected":false},"excerpt":{"rendered":"<p>Problemes emocionals i conductuals INESTABILITAT Inseguretat autoestima Control d\u2019esf\u00ednters impulsivitat Irritabilitat frustraci\u00f3 Dificultats de la son Els problemes emocionals i de conducta s\u00f3n comuns en la inf\u00e0ncia i poden afectar \u00e0mbits socials, emocionals, acad\u00e8mics i familiars. La detecci\u00f3 i intervenci\u00f3 preco\u00e7 \u00e9s clau per millorar el pron\u00f2stic, ja que poden tenir causes neurol\u00f2giques o ambientals.\u00a0 [&hellip;]<\/p>","protected":false},"author":1,"featured_media":0,"parent":0,"menu_order":0,"comment_status":"closed","ping_status":"closed","template":"","meta":{"_acf_changed":false,"_glsr_average":0,"_glsr_ranking":0,"_glsr_reviews":0,"footnotes":""},"class_list":["post-292","page","type-page","status-publish","hentry"],"acf":[],"yoast_head":"<!-- This site is optimized with the Yoast SEO plugin v24.9 - https:\/\/yoast.com\/wordpress\/plugins\/seo\/ -->\n<title>Problemes emocionals i conductuals | Espai Arcaita<\/title>\n<meta name=\"description\" content=\"Problemes emocionals i conductuals INESTABILITAT Inseguretat autoestima Control d\u2019esf\u00ednters impulsivitat Irritabilitat frustraci\u00f3 Dificultats de la son\" \/>\n<meta name=\"robots\" content=\"index, follow, max-snippet:-1, max-image-preview:large, max-video-preview:-1\" \/>\n<link rel=\"canonical\" href=\"https:\/\/espaiarcaita.com\/cast\/problemes-emocionals-i-conductuals-2\/\" \/>\n<meta property=\"og:locale\" content=\"es_ES\" \/>\n<meta property=\"og:type\" content=\"article\" \/>\n<meta property=\"og:title\" content=\"Problemes emocionals i conductuals | Espai Arcaita\" \/>\n<meta property=\"og:description\" content=\"Problemes emocionals i conductuals INESTABILITAT Inseguretat autoestima Control d\u2019esf\u00ednters impulsivitat Irritabilitat frustraci\u00f3 Dificultats de la son\" \/>\n<meta property=\"og:url\" content=\"https:\/\/espaiarcaita.com\/cast\/problemes-emocionals-i-conductuals-2\/\" \/>\n<meta property=\"og:site_name\" content=\"Espai Arcaita\" \/>\n<meta property=\"article:modified_time\" content=\"2025-04-16T07:26:02+00:00\" \/>\n<meta property=\"og:image\" content=\"https:\/\/espaiarcaita.com\/wp-content\/uploads\/2025\/01\/cropped-EspaiArcaita_favicon.png\" \/>\n\t<meta property=\"og:image:width\" content=\"512\" \/>\n\t<meta property=\"og:image:height\" content=\"512\" \/>\n\t<meta property=\"og:image:type\" content=\"image\/png\" \/>\n<meta name=\"twitter:card\" content=\"summary_large_image\" \/>\n<meta name=\"twitter:label1\" content=\"Tiempo de lectura\" \/>\n\t<meta name=\"twitter:data1\" content=\"2 minutos\" \/>\n<script type=\"application\/ld+json\" class=\"yoast-schema-graph\">{\"@context\":\"https:\/\/schema.org\",\"@graph\":[{\"@type\":\"WebPage\",\"@id\":\"https:\/\/espaiarcaita.com\/problemes-emocionals-conductuals\/\",\"url\":\"https:\/\/espaiarcaita.com\/problemes-emocionals-i-conductuals-2\/\",\"name\":\"Problemes emocionals i conductuals | Espai Arcaita\",\"isPartOf\":{\"@id\":\"https:\/\/espaiarcaita.com\/#website\"},\"datePublished\":\"2024-12-09T18:55:43+00:00\",\"dateModified\":\"2025-04-16T07:26:02+00:00\",\"description\":\"Problemes emocionals i conductuals INESTABILITAT Inseguretat autoestima Control d\u2019esf\u00ednters impulsivitat Irritabilitat frustraci\u00f3 Dificultats de la son\",\"breadcrumb\":{\"@id\":\"https:\/\/espaiarcaita.com\/problemes-emocionals-i-conductuals-2\/#breadcrumb\"},\"inLanguage\":\"es\",\"potentialAction\":[{\"@type\":\"ReadAction\",\"target\":[\"https:\/\/espaiarcaita.com\/problemes-emocionals-i-conductuals-2\/\"]}]},{\"@type\":\"BreadcrumbList\",\"@id\":\"https:\/\/espaiarcaita.com\/problemes-emocionals-i-conductuals-2\/#breadcrumb\",\"itemListElement\":[{\"@type\":\"ListItem\",\"position\":1,\"name\":\"Punt Marketing\",\"item\":\"https:\/\/espaiarcaita.com\/\"},{\"@type\":\"ListItem\",\"position\":2,\"name\":\"Problemes emocionals i conductuals\"}]},{\"@type\":\"WebSite\",\"@id\":\"https:\/\/espaiarcaita.com\/#website\",\"url\":\"https:\/\/espaiarcaita.com\/\",\"name\":\"Espai Arcaita\",\"description\":\"Espai de psicologia infantil i juvenil  que ofereix tractament de salut mental per infants i adolescents a Barcelona.\",\"publisher\":{\"@id\":\"https:\/\/espaiarcaita.com\/#organization\"},\"alternateName\":\"espaiarcaita.com\",\"potentialAction\":[{\"@type\":\"SearchAction\",\"target\":{\"@type\":\"EntryPoint\",\"urlTemplate\":\"https:\/\/espaiarcaita.com\/?s={search_term_string}\"},\"query-input\":{\"@type\":\"PropertyValueSpecification\",\"valueRequired\":true,\"valueName\":\"search_term_string\"}}],\"inLanguage\":\"es\"},{\"@type\":\"Organization\",\"@id\":\"https:\/\/espaiarcaita.com\/#organization\",\"name\":\"Espai Arcaita\",\"alternateName\":\"espaiarcaita.com\",\"url\":\"https:\/\/espaiarcaita.com\/\",\"logo\":{\"@type\":\"ImageObject\",\"inLanguage\":\"es\",\"@id\":\"https:\/\/espaiarcaita.com\/#\/schema\/logo\/image\/\",\"url\":\"https:\/\/espaiarcaita.com\/wp-content\/uploads\/2025\/01\/EspaiArcaita_favicon.png\",\"contentUrl\":\"https:\/\/espaiarcaita.com\/wp-content\/uploads\/2025\/01\/EspaiArcaita_favicon.png\",\"width\":512,\"height\":512,\"caption\":\"Espai Arcaita\"},\"image\":{\"@id\":\"https:\/\/espaiarcaita.com\/#\/schema\/logo\/image\/\"},\"sameAs\":[\"https:\/\/www.instagram.com\/espai.arcaita\/\"]}]}<\/script>\n<!-- \/ Yoast SEO plugin. -->","yoast_head_json":{"title":"Problemes emocionals i conductuals | Espai Arcaita","description":"Problemes emocionals i conductuals INESTABILITAT Inseguretat autoestima Control d\u2019esf\u00ednters impulsivitat Irritabilitat frustraci\u00f3 Dificultats de la son","robots":{"index":"index","follow":"follow","max-snippet":"max-snippet:-1","max-image-preview":"max-image-preview:large","max-video-preview":"max-video-preview:-1"},"canonical":"https:\/\/espaiarcaita.com\/cast\/problemes-emocionals-i-conductuals-2\/","og_locale":"es_ES","og_type":"article","og_title":"Problemes emocionals i conductuals | Espai Arcaita","og_description":"Problemes emocionals i conductuals INESTABILITAT Inseguretat autoestima Control d\u2019esf\u00ednters impulsivitat Irritabilitat frustraci\u00f3 Dificultats de la son","og_url":"https:\/\/espaiarcaita.com\/cast\/problemes-emocionals-i-conductuals-2\/","og_site_name":"Espai Arcaita","article_modified_time":"2025-04-16T07:26:02+00:00","og_image":[{"width":512,"height":512,"url":"https:\/\/espaiarcaita.com\/wp-content\/uploads\/2025\/01\/cropped-EspaiArcaita_favicon.png","type":"image\/png"}],"twitter_card":"summary_large_image","twitter_misc":{"Tiempo de lectura":"2 minutos"},"schema":{"@context":"https:\/\/schema.org","@graph":[{"@type":"WebPage","@id":"https:\/\/espaiarcaita.com\/problemes-emocionals-conductuals\/","url":"https:\/\/espaiarcaita.com\/problemes-emocionals-i-conductuals-2\/","name":"Problemes emocionals i conductuals | Espai Arcaita","isPartOf":{"@id":"https:\/\/espaiarcaita.com\/#website"},"datePublished":"2024-12-09T18:55:43+00:00","dateModified":"2025-04-16T07:26:02+00:00","description":"Problemes emocionals i conductuals INESTABILITAT Inseguretat autoestima Control d\u2019esf\u00ednters impulsivitat Irritabilitat frustraci\u00f3 Dificultats de la son","breadcrumb":{"@id":"https:\/\/espaiarcaita.com\/problemes-emocionals-i-conductuals-2\/#breadcrumb"},"inLanguage":"es","potentialAction":[{"@type":"ReadAction","target":["https:\/\/espaiarcaita.com\/problemes-emocionals-i-conductuals-2\/"]}]},{"@type":"BreadcrumbList","@id":"https:\/\/espaiarcaita.com\/problemes-emocionals-i-conductuals-2\/#breadcrumb","itemListElement":[{"@type":"ListItem","position":1,"name":"Punt Marketing","item":"https:\/\/espaiarcaita.com\/"},{"@type":"ListItem","position":2,"name":"Problemes emocionals i conductuals"}]},{"@type":"WebSite","@id":"https:\/\/espaiarcaita.com\/#website","url":"https:\/\/espaiarcaita.com\/","name":"Espai Arcaita","description":"Espai de psicologia infantil i juvenil  que ofereix tractament de salut mental per infants i adolescents a Barcelona.","publisher":{"@id":"https:\/\/espaiarcaita.com\/#organization"},"alternateName":"espaiarcaita.com","potentialAction":[{"@type":"SearchAction","target":{"@type":"EntryPoint","urlTemplate":"https:\/\/espaiarcaita.com\/?s={search_term_string}"},"query-input":{"@type":"PropertyValueSpecification","valueRequired":true,"valueName":"search_term_string"}}],"inLanguage":"es"},{"@type":"Organization","@id":"https:\/\/espaiarcaita.com\/#organization","name":"Espai Arcaita","alternateName":"espaiarcaita.com","url":"https:\/\/espaiarcaita.com\/","logo":{"@type":"ImageObject","inLanguage":"es","@id":"https:\/\/espaiarcaita.com\/#\/schema\/logo\/image\/","url":"https:\/\/espaiarcaita.com\/wp-content\/uploads\/2025\/01\/EspaiArcaita_favicon.png","contentUrl":"https:\/\/espaiarcaita.com\/wp-content\/uploads\/2025\/01\/EspaiArcaita_favicon.png","width":512,"height":512,"caption":"Espai Arcaita"},"image":{"@id":"https:\/\/espaiarcaita.com\/#\/schema\/logo\/image\/"},"sameAs":["https:\/\/www.instagram.com\/espai.arcaita\/"]}]}},"_links":{"self":[{"href":"https:\/\/espaiarcaita.com\/cast\/wp-json\/wp\/v2\/pages\/292","targetHints":{"allow":["GET"]}}],"collection":[{"href":"https:\/\/espaiarcaita.com\/cast\/wp-json\/wp\/v2\/pages"}],"about":[{"href":"https:\/\/espaiarcaita.com\/cast\/wp-json\/wp\/v2\/types\/page"}],"author":[{"embeddable":true,"href":"https:\/\/espaiarcaita.com\/cast\/wp-json\/wp\/v2\/users\/1"}],"replies":[{"embeddable":true,"href":"https:\/\/espaiarcaita.com\/cast\/wp-json\/wp\/v2\/comments?post=292"}],"version-history":[{"count":25,"href":"https:\/\/espaiarcaita.com\/cast\/wp-json\/wp\/v2\/pages\/292\/revisions"}],"predecessor-version":[{"id":3291,"href":"https:\/\/espaiarcaita.com\/cast\/wp-json\/wp\/v2\/pages\/292\/revisions\/3291"}],"wp:attachment":[{"href":"https:\/\/espaiarcaita.com\/cast\/wp-json\/wp\/v2\/media?parent=292"}],"curies":[{"name":"wp","href":"https:\/\/api.w.org\/{rel}","templated":true}]}}