{"id":194,"date":"2024-12-05T18:32:18","date_gmt":"2024-12-05T18:32:18","guid":{"rendered":"https:\/\/espaiarcaita.com\/?page_id=194"},"modified":"2025-04-25T13:50:21","modified_gmt":"2025-04-25T13:50:21","slug":"qui-som","status":"publish","type":"page","link":"https:\/\/espaiarcaita.com\/cast\/sobre-mi\/","title":{"rendered":"Sobre mi"},"content":{"rendered":"<div data-elementor-type=\"wp-page\" data-elementor-id=\"194\" class=\"elementor elementor-194\" data-elementor-post-type=\"page\">\n\t\t\t\t<div class=\"elementor-element elementor-element-9788433 e-flex e-con-boxed e-con e-child\" data-id=\"9788433\" data-element_type=\"container\">\n\t\t\t\t\t<div class=\"e-con-inner\">\n\t\t<div class=\"elementor-element elementor-element-2929332 e-flex e-con-boxed e-con e-child\" data-id=\"2929332\" data-element_type=\"container\">\n\t\t\t\t\t<div class=\"e-con-inner\">\n\t\t<div class=\"elementor-element elementor-element-e1a9077 e-con-full e-flex e-con e-child\" data-id=\"e1a9077\" data-element_type=\"container\">\n\t\t\t\t<div class=\"elementor-element elementor-element-cf031a5 elementor-widget__width-inherit elementor-widget elementor-widget-image\" data-id=\"cf031a5\" data-element_type=\"widget\" data-widget_type=\"image.default\">\n\t\t\t\t<div class=\"elementor-widget-container\">\n\t\t\t\t\t\t\t\t\t\t\t\t\t\t\t<img fetchpriority=\"high\" decoding=\"async\" width=\"337\" height=\"480\" src=\"https:\/\/espaiarcaita.com\/wp-content\/uploads\/2024\/12\/Carlota-Sellares-sobre-mi.jpg\" class=\"attachment-full size-full wp-image-831\" alt=\"\" srcset=\"https:\/\/espaiarcaita.com\/wp-content\/uploads\/2024\/12\/Carlota-Sellares-sobre-mi.jpg 337w, https:\/\/espaiarcaita.com\/wp-content\/uploads\/2024\/12\/Carlota-Sellares-sobre-mi-211x300.jpg 211w\" sizes=\"(max-width: 337px) 100vw, 337px\" \/>\t\t\t\t\t\t\t\t\t\t\t\t\t\t\t<\/div>\n\t\t\t\t<\/div>\n\t\t<div class=\"elementor-element elementor-element-6827655 e-con-full e-flex e-con e-child\" data-id=\"6827655\" data-element_type=\"container\">\n\t\t\t\t<div class=\"elementor-element elementor-element-54136e0 elementor-align-center elementor-widget elementor-widget-button\" data-id=\"54136e0\" data-element_type=\"widget\" data-widget_type=\"button.default\">\n\t\t\t\t<div class=\"elementor-widget-container\">\n\t\t\t\t\t\t\t\t\t<div class=\"elementor-button-wrapper\">\n\t\t\t\t\t<a class=\"elementor-button elementor-button-link elementor-size-sm\" href=\"https:\/\/www.linkedin.com\/in\/carlota-sellar%C3%A8s-boada-169072a1\/\" target=\"_blank\">\n\t\t\t\t\t\t<span class=\"elementor-button-content-wrapper\">\n\t\t\t\t\t\t<span class=\"elementor-button-icon\">\n\t\t\t\t<svg aria-hidden=\"true\" class=\"e-font-icon-svg e-fab-linkedin-in\" viewbox=\"0 0 448 512\" xmlns=\"http:\/\/www.w3.org\/2000\/svg\"><path d=\"M100.28 448H7.4V148.9h92.88zM53.79 108.1C24.09 108.1 0 83.5 0 53.8a53.79 53.79 0 0 1 107.58 0c0 29.7-24.1 54.3-53.79 54.3zM447.9 448h-92.68V302.4c0-34.7-.7-79.2-48.29-79.2-48.29 0-55.69 37.7-55.69 76.7V448h-92.78V148.9h89.08v40.8h1.3c12.4-23.5 42.69-48.3 87.88-48.3 94 0 111.28 61.9 111.28 142.3V448z\"><\/path><\/svg>\t\t\t<\/span>\n\t\t\t\t\t\t\t\t\t<span class=\"elementor-button-text\">Linkedin<\/span>\n\t\t\t\t\t<\/span>\n\t\t\t\t\t<\/a>\n\t\t\t\t<\/div>\n\t\t\t\t\t\t\t\t<\/div>\n\t\t\t\t<\/div>\n\t\t\t\t<div class=\"elementor-element elementor-element-0780da7 elementor-align-center elementor-widget elementor-widget-button\" data-id=\"0780da7\" data-element_type=\"widget\" data-widget_type=\"button.default\">\n\t\t\t\t<div class=\"elementor-widget-container\">\n\t\t\t\t\t\t\t\t\t<div class=\"elementor-button-wrapper\">\n\t\t\t\t\t<a class=\"elementor-button elementor-button-link elementor-size-sm\" href=\"https:\/\/www.doctoralia.es\/carlota-sellares-boada\/psicologo-infantil\/barcelona\" target=\"_blank\">\n\t\t\t\t\t\t<span class=\"elementor-button-content-wrapper\">\n\t\t\t\t\t\t<span class=\"elementor-button-icon\">\n\t\t\t\t<svg xmlns=\"http:\/\/www.w3.org\/2000\/svg\" id=\"uuid-241858dd-7a4d-4b96-8e31-8161a2a2f17d\" data-name=\"Capa 1\" viewbox=\"0 0 1335.62 1335.62\"><path d=\"M1297.81,616.96c-9.3,1.75-18.67,3.23-27.9,5.28-88.82,19.78-174.25,49.35-256.35,88.62-88.22,42.2-169.97,94.54-245.5,156.61-44.1,36.24-85.37,75.53-123.83,117.69-67.35,73.86-124.88,154.72-172.07,242.88-5.97,11.16-11.65,22.48-17.48,33.72-.83,1.6-1.71,3.17-2.94,5.44-90.51-58.21-180.66-116.18-271.37-174.51,112.74-207.58,267.11-375.87,465.14-503.51,175.85-113.34,368.17-181.21,576.21-205.45,.81,2.17,1.44,3.68,1.94,5.23,24.07,74.14,48.12,148.29,72.2,222.43,.51,1.57,1.29,3.04,1.94,4.56v1Z\"><\/path><path d=\"M789.81,67.96c.77,10.95,1.43,21.92,2.32,32.86,1.44,17.75,3.03,35.5,4.54,53.25,1.92,22.56,3.83,45.12,5.72,67.68,1.44,17.09,2.84,34.18,4.28,51.27,1.89,22.56,3.81,45.12,5.71,67.68,1.43,16.92,2.86,33.84,4.26,50.77,1.16,14.1,2.27,28.21,3.4,42.32,.07,.81,.08,1.63,.14,2.94-1.94,.79-3.86,1.68-5.85,2.36-55.9,19.34-111.25,40.06-165.17,64.5-54.88,24.87-107.51,53.83-158.42,86.02-38.65,24.44-75.68,51.12-110.39,80.86-21.11,18.09-41.12,37.47-61.61,56.28-1.46,1.34-2.89,2.72-4.62,4.35-2.21-.85-4.38-1.6-6.49-2.49-88.39-37.3-176.78-74.62-265.17-111.92-1.52-.64-3.11-1.14-4.67-1.71,0-.33,0-.67,0-1,.77-1.82,1.68-3.59,2.29-5.47,23.65-72.88,47.27-145.77,70.9-218.65,.71-2.18,1.56-4.32,2.53-7,132.61,31.2,264.91,62.33,397.73,93.58,.3-2.55,.53-4.16,.66-5.79,.76-9.13,1.46-18.26,2.24-27.38,2.21-25.88,4.49-51.75,6.67-77.64,1.83-21.74,3.51-43.48,5.33-65.22,2.18-25.88,4.49-51.75,6.66-77.64,2.16-25.72,4.17-51.45,6.33-77.17,2.17-25.88,4.43-51.76,6.65-77.64,81.33,0,162.67,0,244,0Z\"><\/path><path d=\"M1131.71,1124.49c-65.83,47.83-131.15,95.29-197.05,143.17-66.07-76.78-131.78-153.14-197.8-229.87,2.26-5.06,4.35-10.1,6.72-15.01,17.17-35.46,39.52-67.53,64.41-97.9,30.76-37.53,65.08-71.4,104.08-100.38,7.22-5.36,14.77-10.27,22.21-15.33,1.48-1.01,3.11-1.8,5.1-2.94,64.12,106.11,128.04,211.88,192.33,318.27Z\"><\/path><\/svg>\t\t\t<\/span>\n\t\t\t\t\t\t\t\t\t<span class=\"elementor-button-text\">Doctoralia<\/span>\n\t\t\t\t\t<\/span>\n\t\t\t\t\t<\/a>\n\t\t\t\t<\/div>\n\t\t\t\t\t\t\t\t<\/div>\n\t\t\t\t<\/div>\n\t\t\t\t<\/div>\n\t\t\t\t<\/div>\n\t\t<div class=\"elementor-element elementor-element-c964b33 e-flex e-con-boxed e-con e-child\" data-id=\"c964b33\" data-element_type=\"container\">\n\t\t\t\t\t<div class=\"e-con-inner\">\n\t\t\t\t<div class=\"elementor-element elementor-element-a020d7e elementor-widget elementor-widget-heading\" data-id=\"a020d7e\" data-element_type=\"widget\" data-widget_type=\"heading.default\">\n\t\t\t\t<div class=\"elementor-widget-container\">\n\t\t\t\t\t<h2 class=\"elementor-heading-title elementor-size-default\">Carlota Sellar\u00e8s Boada<\/h2>\t\t\t\t<\/div>\n\t\t\t\t<\/div>\n\t\t\t\t<div class=\"elementor-element elementor-element-fb4d912 elementor-widget__width-inherit elementor-widget elementor-widget-heading\" data-id=\"fb4d912\" data-element_type=\"widget\" data-widget_type=\"heading.default\">\n\t\t\t\t<div class=\"elementor-widget-container\">\n\t\t\t\t\t<h3 class=\"elementor-heading-title elementor-size-default\">psic\u00f3loga general sanitaria. Colegiada n\u00ba 27345<\/h3>\t\t\t\t<\/div>\n\t\t\t\t<\/div>\n\t\t\t\t<div class=\"elementor-element elementor-element-3b1e74c elementor-widget elementor-widget-text-editor\" data-id=\"3b1e74c\" data-element_type=\"widget\" data-widget_type=\"text-editor.default\">\n\t\t\t\t<div class=\"elementor-widget-container\">\n\t\t\t\t\t\t\t\t\t<p><span style=\"font-weight: 400;\">Mi experiencia se centra en el acompa\u00f1amiento de ni\u00f1os y adolescentes que afrontan dificultades emocionales y conductuales. Estoy especializada en trastornos del neurodesarrollo, con una atenci\u00f3n especial a ni\u00f1os y j\u00f3venes con Trastorno del Espectro Autista (TEA). Trabajo desde un enfoque emp\u00e1tico y personalizado, ofreciendo herramientas y estrategias adaptadas en cada etapa de su desarrollo.<\/span><\/p><p><span style=\"font-weight: 400;\">Mi objetivo es proporcionar un apoyo integral que potencie el bienestar emocional y el crecimiento personal, poniendo siempre en el centro la singularidad de cada caso y adapt\u00e1ndome a las necesidades espec\u00edficas de cada familia.<\/span><\/p><p><span style=\"font-weight: 400;\">Contactadme y hablamos sobre c\u00f3mo puedo acompa\u00f1aros en este proceso. <\/span><\/p>\t\t\t\t\t\t\t\t<\/div>\n\t\t\t\t<\/div>\n\t\t\t\t\t<\/div>\n\t\t\t\t<\/div>\n\t\t\t\t\t<\/div>\n\t\t\t\t<\/div>\n\t\t\t\t<div class=\"elementor-element elementor-element-9da152f elementor-widget elementor-widget-heading\" data-id=\"9da152f\" data-element_type=\"widget\" data-widget_type=\"heading.default\">\n\t\t\t\t<div class=\"elementor-widget-container\">\n\t\t\t\t\t<h2 class=\"elementor-heading-title elementor-size-default\">Experiencia profesional<\/h2>\t\t\t\t<\/div>\n\t\t\t\t<\/div>\n\t\t\t\t<div class=\"elementor-element elementor-element-67ecc2e elementor-widget elementor-widget-heading\" data-id=\"67ecc2e\" data-element_type=\"widget\" data-widget_type=\"heading.default\">\n\t\t\t\t<div class=\"elementor-widget-container\">\n\t\t\t\t\t<h2 class=\"elementor-heading-title elementor-size-default\">PSIC\u00d3LOGA INFANTIL Y JUVENIL<\/h2>\t\t\t\t<\/div>\n\t\t\t\t<\/div>\n\t\t\t\t<div class=\"elementor-element elementor-element-a2e2984 elementor-widget elementor-widget-text-editor\" data-id=\"a2e2984\" data-element_type=\"widget\" data-widget_type=\"text-editor.default\">\n\t\t\t\t<div class=\"elementor-widget-container\">\n\t\t\t\t\t\t\t\t\t<ul><li><span style=\"font-weight: 400;\">2021 \u2013 actualidad: <\/span><strong>Centre Vincles<\/strong> (Barcelona): Realizaci\u00f3n de sesiones psicoterap\u00e9uticas (individuales y grupales) a ni\u00f1os y adolescentes de 4 a 17 a\u00f1os.<\/li><\/ul><ul><li><span style=\"background-color: transparent; color: var( --e-global-color-text ); font-family: var( --e-global-typography-text-font-family ), Sans-serif; font-style: var( --e-global-typography-text-font-style ); font-weight: var( --e-global-typography-text-font-weight ); letter-spacing: var( --e-global-typography-text-letter-spacing ); text-transform: var( --e-global-typography-text-text-transform ); font-size: var( --e-global-typography-text-font-size );\">2020 &#8211; 2021: <strong>Centre de psicologia i logop\u00e8dia Tric Trac<\/strong> (Sabadell): Realizaci\u00f3n de sesiones psicopedag\u00f3gicas (individuales y grupales) a ni\u00f1os con trastornos del neurodesarrollo y necesidades educativas especiales.<\/span><\/li><\/ul>\t\t\t\t\t\t\t\t<\/div>\n\t\t\t\t<\/div>\n\t\t\t\t<div class=\"elementor-element elementor-element-756cdb8 elementor-widget elementor-widget-heading\" data-id=\"756cdb8\" data-element_type=\"widget\" data-widget_type=\"heading.default\">\n\t\t\t\t<div class=\"elementor-widget-container\">\n\t\t\t\t\t<h2 class=\"elementor-heading-title elementor-size-default\">PSIC\u00d3LOGA ORIENTADORA EN PROYECTOS EDUCATIVOS<\/h2>\t\t\t\t<\/div>\n\t\t\t\t<\/div>\n\t\t\t\t<div class=\"elementor-element elementor-element-9bf7bc7 elementor-widget elementor-widget-text-editor\" data-id=\"9bf7bc7\" data-element_type=\"widget\" data-widget_type=\"text-editor.default\">\n\t\t\t\t<div class=\"elementor-widget-container\">\n\t\t\t\t\t\t\t\t\t<ul><li>2020 \u2013 actualidad: <strong>DEP INSTITUT<\/strong> (Catalu\u00f1a \u2013 Barcelona): Orientaci\u00f3n a estudiantes y familiares sobre su futuro acad\u00e9mico y profesional.<\/li><\/ul>\t\t\t\t\t\t\t\t<\/div>\n\t\t\t\t<\/div>\n\t\t\t\t<div class=\"elementor-element elementor-element-4343bfa elementor-widget elementor-widget-heading\" data-id=\"4343bfa\" data-element_type=\"widget\" data-widget_type=\"heading.default\">\n\t\t\t\t<div class=\"elementor-widget-container\">\n\t\t\t\t\t<h2 class=\"elementor-heading-title elementor-size-default\">PSIC\u00d3LOGA INFANTOJUVENIL \/ EDUCATIVA<\/h2>\t\t\t\t<\/div>\n\t\t\t\t<\/div>\n\t\t\t\t<div class=\"elementor-element elementor-element-105a194 elementor-widget elementor-widget-text-editor\" data-id=\"105a194\" data-element_type=\"widget\" data-widget_type=\"text-editor.default\">\n\t\t\t\t<div class=\"elementor-widget-container\">\n\t\t\t\t\t\t\t\t\t<ul><li>2017- 2019: <strong>Associaci\u00f3 TEAsperger Vall\u00e8s Occidental<\/strong>: Realizaci\u00f3n de reeducaciones y refuerzos escolares a ni\u00f1os y adolescentes con Necesidades Educativas Especiales.\u00a0<\/li><\/ul>\t\t\t\t\t\t\t\t<\/div>\n\t\t\t\t<\/div>\n\t\t\t\t<div class=\"elementor-element elementor-element-9e28bb4 elementor-widget elementor-widget-heading\" data-id=\"9e28bb4\" data-element_type=\"widget\" data-widget_type=\"heading.default\">\n\t\t\t\t<div class=\"elementor-widget-container\">\n\t\t\t\t\t<h2 class=\"elementor-heading-title elementor-size-default\">Formaci\u00f3n acad\u00e9mica<\/h2>\t\t\t\t<\/div>\n\t\t\t\t<\/div>\n\t\t\t\t<div class=\"elementor-element elementor-element-7e1b5e1 elementor-widget__width-initial elementor-widget elementor-widget-text-editor\" data-id=\"7e1b5e1\" data-element_type=\"widget\" data-widget_type=\"text-editor.default\">\n\t\t\t\t<div class=\"elementor-widget-container\">\n\t\t\t\t\t\t\t\t\t<ul><li style=\"font-weight: 400;\" aria-level=\"1\"><span style=\"font-weight: 400;\">Grado en Psicolog\u00eda (UB)<\/span><\/li><li style=\"font-weight: 400;\" aria-level=\"1\"><span style=\"font-weight: 400;\">M\u00e1ster actuaci\u00f3n cl\u00ednica en psicoan\u00e1lisis y psicopatolog\u00eda (UB)<\/span><\/li><li style=\"font-weight: 400;\" aria-level=\"1\"><span style=\"font-weight: 400;\">Posgrado de atenci\u00f3n temprana (ISEP)<\/span><\/li><li style=\"font-weight: 400;\" aria-level=\"1\"><span style=\"font-weight: 400;\">M\u00e1ster en trastornos del neurodesarrollo (ISEP)<\/span><\/li><li style=\"font-weight: 400;\" aria-level=\"1\"><span style=\"font-weight: 400;\">M\u00e1ster universitario en Psicolog\u00eda General Sanitaria (UDIMA)<\/span><\/li><\/ul>\t\t\t\t\t\t\t\t<\/div>\n\t\t\t\t<\/div>\n\t\t\t\t\t<\/div>\n\t\t\t\t<\/div>\n\t\t\t\t<\/div>","protected":false},"excerpt":{"rendered":"<p>Linkedin Doctoralia Carlota Sellar\u00e8s Boada psic\u00f2loga general sanit\u00e0ria. Col\u00b7legiada n\u00ba 27345 La meva experi\u00e8ncia se centra en l&#8217;acompanyament d&#8217;infants i adolescents que afronten dificultats emocionals i conductuals. Estic especialitzada en trastorns del neurodesenvolupament, amb una atenci\u00f3 especial a nens i joves amb Trastorn de l\u2019Espectre Autista (TEA). Treballo des d\u2019un enfocament emp\u00e0tic i personalitzat, oferint [&hellip;]<\/p>","protected":false},"author":1,"featured_media":0,"parent":0,"menu_order":0,"comment_status":"closed","ping_status":"closed","template":"","meta":{"_acf_changed":false,"_glsr_average":0,"_glsr_ranking":0,"_glsr_reviews":0,"footnotes":""},"class_list":["post-194","page","type-page","status-publish","hentry"],"acf":[],"yoast_head":"<!-- This site is optimized with the Yoast SEO plugin v24.9 - https:\/\/yoast.com\/wordpress\/plugins\/seo\/ -->\n<title>Carlota Sellar\u00e8s | Espai Arcaita<\/title>\n<meta name=\"description\" content=\"Linkedin Doctoralia Carlota Sellar\u00e8s Boada psic\u00f2loga general sanit\u00e0ria. Col\u00b7legiada n\u00ba 27345 La meva experi\u00e8ncia se centra en l&#039;acompanyament d&#039;infants i\" \/>\n<meta name=\"robots\" content=\"index, follow, max-snippet:-1, max-image-preview:large, max-video-preview:-1\" \/>\n<link rel=\"canonical\" href=\"https:\/\/espaiarcaita.com\/cast\/sobre-mi\/\" \/>\n<meta property=\"og:locale\" content=\"es_ES\" \/>\n<meta property=\"og:type\" content=\"article\" \/>\n<meta property=\"og:title\" content=\"Carlota Sellar\u00e8s | Espai Arcaita\" \/>\n<meta property=\"og:description\" content=\"Linkedin Doctoralia Carlota Sellar\u00e8s Boada psic\u00f2loga general sanit\u00e0ria. Col\u00b7legiada n\u00ba 27345 La meva experi\u00e8ncia se centra en l&#039;acompanyament d&#039;infants i\" \/>\n<meta property=\"og:url\" content=\"https:\/\/espaiarcaita.com\/cast\/sobre-mi\/\" \/>\n<meta property=\"og:site_name\" content=\"Espai Arcaita\" \/>\n<meta property=\"article:modified_time\" content=\"2025-04-25T13:50:21+00:00\" \/>\n<meta property=\"og:image\" content=\"https:\/\/espaiarcaita.com\/wp-content\/uploads\/2024\/12\/Carlota-Sellares-sobre-mi.jpg\" \/>\n\t<meta property=\"og:image:width\" content=\"337\" \/>\n\t<meta property=\"og:image:height\" content=\"480\" \/>\n\t<meta property=\"og:image:type\" content=\"image\/jpeg\" \/>\n<meta name=\"twitter:card\" content=\"summary_large_image\" \/>\n<meta name=\"twitter:label1\" content=\"Tiempo de lectura\" \/>\n\t<meta name=\"twitter:data1\" content=\"2 minutos\" \/>\n<script type=\"application\/ld+json\" class=\"yoast-schema-graph\">{\"@context\":\"https:\/\/schema.org\",\"@graph\":[{\"@type\":\"WebPage\",\"@id\":\"https:\/\/espaiarcaita.com\/sobre-mi\/\",\"url\":\"https:\/\/espaiarcaita.com\/sobre-mi\/\",\"name\":\"Carlota Sellar\u00e8s | Espai Arcaita\",\"isPartOf\":{\"@id\":\"https:\/\/espaiarcaita.com\/#website\"},\"primaryImageOfPage\":{\"@id\":\"https:\/\/espaiarcaita.com\/sobre-mi\/#primaryimage\"},\"image\":{\"@id\":\"https:\/\/espaiarcaita.com\/sobre-mi\/#primaryimage\"},\"thumbnailUrl\":\"https:\/\/espaiarcaita.com\/wp-content\/uploads\/2024\/12\/Carlota-Sellares-sobre-mi.jpg\",\"datePublished\":\"2024-12-05T18:32:18+00:00\",\"dateModified\":\"2025-04-25T13:50:21+00:00\",\"description\":\"Linkedin Doctoralia Carlota Sellar\u00e8s Boada psic\u00f2loga general sanit\u00e0ria. Col\u00b7legiada n\u00ba 27345 La meva experi\u00e8ncia se centra en l'acompanyament d'infants i\",\"breadcrumb\":{\"@id\":\"https:\/\/espaiarcaita.com\/sobre-mi\/#breadcrumb\"},\"inLanguage\":\"es\",\"potentialAction\":[{\"@type\":\"ReadAction\",\"target\":[\"https:\/\/espaiarcaita.com\/sobre-mi\/\"]}]},{\"@type\":\"ImageObject\",\"inLanguage\":\"es\",\"@id\":\"https:\/\/espaiarcaita.com\/sobre-mi\/#primaryimage\",\"url\":\"https:\/\/espaiarcaita.com\/wp-content\/uploads\/2024\/12\/Carlota-Sellares-sobre-mi.jpg\",\"contentUrl\":\"https:\/\/espaiarcaita.com\/wp-content\/uploads\/2024\/12\/Carlota-Sellares-sobre-mi.jpg\"},{\"@type\":\"BreadcrumbList\",\"@id\":\"https:\/\/espaiarcaita.com\/sobre-mi\/#breadcrumb\",\"itemListElement\":[{\"@type\":\"ListItem\",\"position\":1,\"name\":\"Punt Marketing\",\"item\":\"https:\/\/espaiarcaita.com\/\"},{\"@type\":\"ListItem\",\"position\":2,\"name\":\"Sobre mi\"}]},{\"@type\":\"WebSite\",\"@id\":\"https:\/\/espaiarcaita.com\/#website\",\"url\":\"https:\/\/espaiarcaita.com\/\",\"name\":\"Espai Arcaita\",\"description\":\"Espai de psicologia infantil i juvenil  que ofereix tractament de salut mental per infants i adolescents a Barcelona.\",\"publisher\":{\"@id\":\"https:\/\/espaiarcaita.com\/#organization\"},\"alternateName\":\"espaiarcaita.com\",\"potentialAction\":[{\"@type\":\"SearchAction\",\"target\":{\"@type\":\"EntryPoint\",\"urlTemplate\":\"https:\/\/espaiarcaita.com\/?s={search_term_string}\"},\"query-input\":{\"@type\":\"PropertyValueSpecification\",\"valueRequired\":true,\"valueName\":\"search_term_string\"}}],\"inLanguage\":\"es\"},{\"@type\":\"Organization\",\"@id\":\"https:\/\/espaiarcaita.com\/#organization\",\"name\":\"Espai Arcaita\",\"alternateName\":\"espaiarcaita.com\",\"url\":\"https:\/\/espaiarcaita.com\/\",\"logo\":{\"@type\":\"ImageObject\",\"inLanguage\":\"es\",\"@id\":\"https:\/\/espaiarcaita.com\/#\/schema\/logo\/image\/\",\"url\":\"https:\/\/espaiarcaita.com\/wp-content\/uploads\/2025\/01\/EspaiArcaita_favicon.png\",\"contentUrl\":\"https:\/\/espaiarcaita.com\/wp-content\/uploads\/2025\/01\/EspaiArcaita_favicon.png\",\"width\":512,\"height\":512,\"caption\":\"Espai Arcaita\"},\"image\":{\"@id\":\"https:\/\/espaiarcaita.com\/#\/schema\/logo\/image\/\"},\"sameAs\":[\"https:\/\/www.instagram.com\/espai.arcaita\/\"]}]}<\/script>\n<!-- \/ Yoast SEO plugin. -->","yoast_head_json":{"title":"Carlota Sellar\u00e8s | Espai Arcaita","description":"Linkedin Doctoralia Carlota Sellar\u00e8s Boada psic\u00f2loga general sanit\u00e0ria. Col\u00b7legiada n\u00ba 27345 La meva experi\u00e8ncia se centra en l'acompanyament d'infants i","robots":{"index":"index","follow":"follow","max-snippet":"max-snippet:-1","max-image-preview":"max-image-preview:large","max-video-preview":"max-video-preview:-1"},"canonical":"https:\/\/espaiarcaita.com\/cast\/sobre-mi\/","og_locale":"es_ES","og_type":"article","og_title":"Carlota Sellar\u00e8s | Espai Arcaita","og_description":"Linkedin Doctoralia Carlota Sellar\u00e8s Boada psic\u00f2loga general sanit\u00e0ria. Col\u00b7legiada n\u00ba 27345 La meva experi\u00e8ncia se centra en l'acompanyament d'infants i","og_url":"https:\/\/espaiarcaita.com\/cast\/sobre-mi\/","og_site_name":"Espai Arcaita","article_modified_time":"2025-04-25T13:50:21+00:00","og_image":[{"width":337,"height":480,"url":"https:\/\/espaiarcaita.com\/wp-content\/uploads\/2024\/12\/Carlota-Sellares-sobre-mi.jpg","type":"image\/jpeg"}],"twitter_card":"summary_large_image","twitter_misc":{"Tiempo de lectura":"2 minutos"},"schema":{"@context":"https:\/\/schema.org","@graph":[{"@type":"WebPage","@id":"https:\/\/espaiarcaita.com\/sobre-mi\/","url":"https:\/\/espaiarcaita.com\/sobre-mi\/","name":"Carlota Sellar\u00e8s | Espai Arcaita","isPartOf":{"@id":"https:\/\/espaiarcaita.com\/#website"},"primaryImageOfPage":{"@id":"https:\/\/espaiarcaita.com\/sobre-mi\/#primaryimage"},"image":{"@id":"https:\/\/espaiarcaita.com\/sobre-mi\/#primaryimage"},"thumbnailUrl":"https:\/\/espaiarcaita.com\/wp-content\/uploads\/2024\/12\/Carlota-Sellares-sobre-mi.jpg","datePublished":"2024-12-05T18:32:18+00:00","dateModified":"2025-04-25T13:50:21+00:00","description":"Linkedin Doctoralia Carlota Sellar\u00e8s Boada psic\u00f2loga general sanit\u00e0ria. Col\u00b7legiada n\u00ba 27345 La meva experi\u00e8ncia se centra en l'acompanyament d'infants i","breadcrumb":{"@id":"https:\/\/espaiarcaita.com\/sobre-mi\/#breadcrumb"},"inLanguage":"es","potentialAction":[{"@type":"ReadAction","target":["https:\/\/espaiarcaita.com\/sobre-mi\/"]}]},{"@type":"ImageObject","inLanguage":"es","@id":"https:\/\/espaiarcaita.com\/sobre-mi\/#primaryimage","url":"https:\/\/espaiarcaita.com\/wp-content\/uploads\/2024\/12\/Carlota-Sellares-sobre-mi.jpg","contentUrl":"https:\/\/espaiarcaita.com\/wp-content\/uploads\/2024\/12\/Carlota-Sellares-sobre-mi.jpg"},{"@type":"BreadcrumbList","@id":"https:\/\/espaiarcaita.com\/sobre-mi\/#breadcrumb","itemListElement":[{"@type":"ListItem","position":1,"name":"Punt Marketing","item":"https:\/\/espaiarcaita.com\/"},{"@type":"ListItem","position":2,"name":"Sobre mi"}]},{"@type":"WebSite","@id":"https:\/\/espaiarcaita.com\/#website","url":"https:\/\/espaiarcaita.com\/","name":"Espai Arcaita","description":"Espai de psicologia infantil i juvenil  que ofereix tractament de salut mental per infants i adolescents a Barcelona.","publisher":{"@id":"https:\/\/espaiarcaita.com\/#organization"},"alternateName":"espaiarcaita.com","potentialAction":[{"@type":"SearchAction","target":{"@type":"EntryPoint","urlTemplate":"https:\/\/espaiarcaita.com\/?s={search_term_string}"},"query-input":{"@type":"PropertyValueSpecification","valueRequired":true,"valueName":"search_term_string"}}],"inLanguage":"es"},{"@type":"Organization","@id":"https:\/\/espaiarcaita.com\/#organization","name":"Espai Arcaita","alternateName":"espaiarcaita.com","url":"https:\/\/espaiarcaita.com\/","logo":{"@type":"ImageObject","inLanguage":"es","@id":"https:\/\/espaiarcaita.com\/#\/schema\/logo\/image\/","url":"https:\/\/espaiarcaita.com\/wp-content\/uploads\/2025\/01\/EspaiArcaita_favicon.png","contentUrl":"https:\/\/espaiarcaita.com\/wp-content\/uploads\/2025\/01\/EspaiArcaita_favicon.png","width":512,"height":512,"caption":"Espai Arcaita"},"image":{"@id":"https:\/\/espaiarcaita.com\/#\/schema\/logo\/image\/"},"sameAs":["https:\/\/www.instagram.com\/espai.arcaita\/"]}]}},"_links":{"self":[{"href":"https:\/\/espaiarcaita.com\/cast\/wp-json\/wp\/v2\/pages\/194","targetHints":{"allow":["GET"]}}],"collection":[{"href":"https:\/\/espaiarcaita.com\/cast\/wp-json\/wp\/v2\/pages"}],"about":[{"href":"https:\/\/espaiarcaita.com\/cast\/wp-json\/wp\/v2\/types\/page"}],"author":[{"embeddable":true,"href":"https:\/\/espaiarcaita.com\/cast\/wp-json\/wp\/v2\/users\/1"}],"replies":[{"embeddable":true,"href":"https:\/\/espaiarcaita.com\/cast\/wp-json\/wp\/v2\/comments?post=194"}],"version-history":[{"count":39,"href":"https:\/\/espaiarcaita.com\/cast\/wp-json\/wp\/v2\/pages\/194\/revisions"}],"predecessor-version":[{"id":3444,"href":"https:\/\/espaiarcaita.com\/cast\/wp-json\/wp\/v2\/pages\/194\/revisions\/3444"}],"wp:attachment":[{"href":"https:\/\/espaiarcaita.com\/cast\/wp-json\/wp\/v2\/media?parent=194"}],"curies":[{"name":"wp","href":"https:\/\/api.w.org\/{rel}","templated":true}]}}